{"id":3632,"date":"2021-10-18T07:29:35","date_gmt":"2021-10-18T05:29:35","guid":{"rendered":"https:\/\/www.es-eventos.com\/politica-de-cookies\/"},"modified":"2026-04-29T14:26:13","modified_gmt":"2026-04-29T12:26:13","slug":"politica-de-cookies","status":"publish","type":"page","link":"https:\/\/www.es-eventos.com\/ca\/politica-de-cookies\/","title":{"rendered":"Pol\u00edtica de cookies"},"content":{"rendered":"\t\t<div data-elementor-type=\"wp-page\" data-elementor-id=\"3632\" class=\"elementor elementor-3632 elementor-99\" data-elementor-post-type=\"page\">\n\t\t\t\t<div class=\"elementor-element elementor-element-a679816 e-flex e-con-boxed e-con e-parent\" data-id=\"a679816\" data-element_type=\"container\" data-e-type=\"container\">\n\t\t\t\t\t<div class=\"e-con-inner\">\n\t\t\t\t<div class=\"elementor-element elementor-element-5e7fd54 elementor-widget elementor-widget-heading\" data-id=\"5e7fd54\" data-element_type=\"widget\" data-e-type=\"widget\" data-widget_type=\"heading.default\">\n\t\t\t\t<div class=\"elementor-widget-container\">\n\t\t\t\t\t<h1 class=\"elementor-heading-title elementor-size-default\">POL\u00cdTICA DE COOKIES I EMMAGATZEMATGE LOCAL<\/h1>\t\t\t\t<\/div>\n\t\t\t\t<\/div>\n\t\t\t\t<div class=\"elementor-element elementor-element-b7ba3c6 elementor-widget elementor-widget-text-editor\" data-id=\"b7ba3c6\" data-element_type=\"widget\" data-e-type=\"widget\" data-widget_type=\"text-editor.default\">\n\t\t\t\t<div class=\"elementor-widget-container\">\n\t\t\t\t\t\t\t\t\t<p><style>\na {<br \/>    text-decoration: none;<br \/>    color: #464feb;<br \/>}<br \/>tr th, tr td {<br \/>    border: 1px solid #e6e6e6;<br \/>}<br \/>tr th {<br \/>    background-color: #f5f5f5;<br \/>}<br \/><\/style>\n<\/p>\n<div>\n<p><strong>Definici\u00f3 i funci\u00f3 de les cookies<\/strong><\/p>\n<p>De conformitat amb all\u00f2 establer a la Llei 34\/2002 de Serveis de la Societat de la Informaci\u00f3 i Comer\u00e7 Electr\u00f2nic, l\u2019informem que aquest lloc web emmagatzema informaci\u00f3 de les direccions IP dels ordinadors, i utilitza Cookies amb l\u2019objectiu de donar un millor servei i oferir-li una millor experi\u00e8ncia en la seva navegaci\u00f3.<\/p>\n<p>Les Cookies s\u00f3n petits arxius de text que contenen informaci\u00f3, i que es generen a l\u2019ordinador o terminal de l\u2019Usuari quan navega pel lloc web. Amb la navegaci\u00f3 per aquesta web, vost\u00e8 dona el seu consentiment per rebre aquestes cookies mitjan\u00e7ant les quals <strong>ENGLISH SUMMER, S.A.<\/strong>, propiet\u00e0ria de la p\u00e0gina web <strong><a href=\"https:\/\/www.es-eventos.com\/\">https:\/\/www.es-eventos.com<\/a><\/strong>, nom\u00e9s obt\u00e9 i conserva la informaci\u00f3 sota les condicions descrites en la present Pol\u00edtica de cookies:<\/p>\n<hr>\n<h3>Quin tipus de cookies utilitzem?<\/h3>\n<p><strong>Segons el termini de temps que resten actives:<\/strong><\/p>\n<ul>\n<li><strong>Cookies de sessi\u00f3:<\/strong> S\u00f3n un tipus de cookies dissenyades per demanar i emmagatzemar dades mentre accedeix a la nostra p\u00e0gina web i resten a l\u2019arxiu de cookies del seu navegador fins que abandona la p\u00e0gina. Com per exemple les cookies d\u2019identificaci\u00f3.<\/li>\n<li><strong>Cookies persistents:<\/strong> S\u00f3n un tipus de cookies on les dades segueixen emmagatzemades a la terminal i poden ser accedides i tractades durant un per\u00edode determinat de temps.<\/li>\n<\/ul>\n<p><strong>Segons la seva finalitat i l\u2019entitat que les gestiona:<\/strong><\/p>\n<ul>\n<li><strong>Cookies pr\u00f2pies:<\/strong> S\u00f3n aquelles que enviem al seu ordinador o terminal des de la nostra p\u00e0gina web.<\/li>\n<li><strong>Cookies de tercers:<\/strong> S\u00f3n aquelles que s\u2019envien al seu ordinador o terminal des d\u2019un domini o una p\u00e0gina web que no \u00e9s gestionada per nosaltres, sin\u00f3 una entitat col\u00b7laboradora. Com per exemple, les utilitzades per Google qui instal\u00b7la cookies que ens ajuden a analitzar el funcionament del nostre lloc web, i millorar l\u2019efectivitat de les nostres campanyes de marketing.<\/li>\n<li><strong>Cookies t\u00e8cniques:<\/strong> s\u00f3n aquelles necess\u00e0ries per la navegaci\u00f3 i el bon funcionament de la nostra p\u00e0gina web. Per exemple, permeten realitzar el proc\u00e9s de compra i controlar els aspectes de seguretat web, compartir continguts a trav\u00e9s de xarxes socials\u2026<\/li>\n<li><strong>Cookies d\u2019an\u00e0lisis:<\/strong> S\u00f3n aquelles que ben tractades per nosaltres o per tercers, ens permeten quantificar el nombre d\u2019usuaris i realitzar el mesurament i an\u00e0lisis estad\u00edstic de la utilitzaci\u00f3 que fan els usuaris de la nostra web.<\/li>\n<\/ul>\n<p><strong>Exemples d\u2019informaci\u00f3 recopilada:<\/strong><\/p>\n<ul>\n<li>\n<p>El nombre de visitants \u00fanics de cada p\u00e0gina \/ secci\u00f3.<\/p>\n<\/li>\n<li>\n<p>La data i hora d\u2019acc\u00e9s a la nostra p\u00e0gina web.<\/p>\n<\/li>\n<li>\n<p>La font de tr\u00e0fic (origen de l\u2019usuari).<\/p>\n<\/li>\n<li>\n<p><strong>Cookies publicit\u00e0ries i de publicitat conductual:<\/strong> permeten la gesti\u00f3 eficient dels espais publicitaris i la mostra d\u2019anuncis personalitzats segons els h\u00e0bits de navegaci\u00f3 de l\u2019usuari.<\/p>\n<\/li>\n<\/ul>\n<hr>\n<h3>\u00bfCom puc configurar o deshabilitar les cookies?<\/h3>\n<p>Pot configurar el seu navegador per ser avisat de la recepci\u00f3 de cookies i negar-se a acceptar-les activant la configuraci\u00f3 corresponent. No obstant aix\u00f2, la desactivaci\u00f3 de les Cookies pot provocar la limitaci\u00f3 o impossibilitat d\u2019acc\u00e9s a algunes funcionalitats del lloc web.<\/p>\n<p>Per a m\u00e9s informaci\u00f3, consulti el men\u00fa \u201cAjuda\u201d del seu navegador o visiti: Aboutcookies, youronlinechoices, Network Advertising Initiative o Digital Advertising Alliance.<\/p>\n<hr>\n<h3>Cookies de tercers i empreses col\u00b7laboradores<\/h3>\n<p>Google ofereix un gran nombre de productes per ajudar-nos a administrar els nostres anuncis i llocs web; entre els quals s\u2019inclouen Google Analytics. En visitar el nostre lloc web poden enviar-se algunes cookies al seu navegador.<\/p>\n<p>Aquestes galetes es poden habilitar des de dominis com <a href=\"https:\/\/www.google.com\/\"><strong>www.google.com<\/strong> <\/a>i <strong><a href=\"https:\/\/marketingplatform.google.com\/about\/enterprise\/\">www.doubleclick.net<\/a><\/strong>.<\/p>\n<p>Google Analytics \u00e9s l\u2019eina d\u2019anal\u00edtica de Google que ajuda al nostre lloc web <strong><a href=\"https:\/\/www.es-eventos.com\/\">https:\/\/www.es-eventos.com<\/a><\/strong>&nbsp;a entendre la manera en qu\u00e8 els usuaris interactuen amb les seves propietats, recopilant informaci\u00f3 estad\u00edstica sense identificar personalment els visitants.<\/p>\n<p><\/p>\n<h2>Llista de galetes<\/h2>\n<div style=\"color: #000000; font-style: normal; font-variant-ligatures: normal; font-variant-caps: normal; font-weight: 400; letter-spacing: normal; orphans: 2; text-align: start; text-indent: 0px; text-transform: none; widows: 2; word-spacing: 0px; -webkit-text-stroke-width: 0px; white-space: normal; text-decoration-thickness: initial; text-decoration-style: initial; text-decoration-color: initial; font-family: 'Segoe UI'; font-size: 14px; line-height: 20px;\">\n<p>En el moment en qu\u00e8 accediu a un lloc web, se sol\u00b7licita perm\u00eds al vostre navegador per emmagatzemar dades en format de fitxer de text (les galetes) al vostre dispositiu. Aix\u00f2 permet obtenir informaci\u00f3 sobre v\u00f3s, com ara les vostres prefer\u00e8ncies d&#8217;idioma o les vostres dades de connexi\u00f3.<\/p>\n<p>Aquestes s\u00f3n les galetes que instal\u00b7lem nosaltres i s&#8217;anomenen <strong>galetes internes<\/strong>. Tamb\u00e9 fem servir <strong>galetes de tercers<\/strong>, que s&#8217;instal\u00b7len des d&#8217;un domini diferent del del lloc web que esteu visitant, amb finalitats publicit\u00e0ries i de m\u00e0rqueting.<\/p>\n<p>M\u00e9s espec\u00edficament, fem servir galetes i altres tecnologies de seguiment per als objectius seg\u00fcents:<\/p>\n<hr>\n<\/div>\n<h2>Galetes imprescindibles<\/h2>\n<div style=\"color: #000000; font-style: normal; font-variant-ligatures: normal; font-variant-caps: normal; font-weight: 400; letter-spacing: normal; orphans: 2; text-align: start; text-indent: 0px; text-transform: none; widows: 2; word-spacing: 0px; -webkit-text-stroke-width: 0px; white-space: normal; text-decoration-thickness: initial; text-decoration-style: initial; text-decoration-color: initial; font-family: 'Segoe UI'; font-size: 14px; line-height: 20px;\">\n<p>Aquestes galetes s\u00f3n necess\u00e0ries per al funcionament del lloc web i no es poden desactivar del nostre sistema. Normalment, nom\u00e9s s&#8217;installen com a conseq\u00fc\u00e8ncia d&#8217;alguna acci\u00f3 de l&#8217;usuari que es tradueix en una sol\u00b7licitud de serveis, com ara la configuraci\u00f3 de les prefer\u00e8ncies de privadesa, l&#8217;inici de sessi\u00f3 o l&#8217;emplenament de dades en formularis.<\/p>\n<p>Podeu configurar el navegador perqu\u00e8 bloquegi o us avisi sobre aquestes galetes, per\u00f2 llavors \u00e9s possible que algunes parts del lloc web no funcionin correctament.<\/p>\n<\/div>\n<h3>Galetes imprescindibles<\/h3>\n<div style=\"color: #000000; font-style: normal; font-variant-ligatures: normal; font-variant-caps: normal; font-weight: 400; letter-spacing: normal; orphans: 2; text-align: start; text-indent: 0px; text-transform: none; widows: 2; word-spacing: 0px; -webkit-text-stroke-width: 0px; white-space: normal; text-decoration-thickness: initial; text-decoration-style: initial; text-decoration-color: initial; font-family: 'Segoe UI'; font-size: 14px; line-height: 20px;\">\n<div class=\"___i31lg00 f10pi13n f14t3ns0 f1nbblvp fat0sn4 f1ov4xf1 fekwl8i f1lmfglv f1oz7aqm f1abmfm4 f1w619qj f16h0jq8\">\n<table class=\"___1hm93bs f1ddd56o f16vktn6 f1enuhaj fdclmfp f1ev3kgc ftgm304 f1uinfot fibjyge fvueend f9yszdx f1fu4s3n f3l3pb3 f1s2k7dp f8fmt76 fjvbh62 fysh76l fic4ptz f1yenhzu f1yn6nvh f14tj6oe f1jq587y f1el8yx3 f1pymoxg f1ofu761 fe6itr f7coize f1794535 f70r78m f4zgifc fk1v6el f16pyhcb fo436u6 fzy4j18 fc43013 f1hmrcvb fc4t9fq fgp09rh fjnyn6r\">\n<tbody>\n<tr>\n<th style=\"border: 1px solid #e6e6e6; background-color: #f5f5f5;\">Subgrup de galetes<\/th>\n<th style=\"border: 1px solid #e6e6e6; background-color: #f5f5f5;\">Galetes<\/th>\n<th style=\"border: 1px solid #e6e6e6; background-color: #f5f5f5;\">Galetes que heu fet servir<\/th>\n<\/tr>\n<tr>\n<th style=\"border: 1px solid #e6e6e6; background-color: #f5f5f5;\" scope=\"row\"><strong>www.es-eventos.com<\/strong><\/th>\n<td style=\"border: 1px solid #e6e6e6;\">PHPSESSID<\/td>\n<td style=\"border: 1px solid #e6e6e6;\">Pr\u00f2pies<\/td>\n<\/tr>\n<tr>\n<th style=\"border: 1px solid #e6e6e6; background-color: #f5f5f5;\" scope=\"row\"><strong>es-eventos.com<\/strong><\/th>\n<td style=\"border: 1px solid #e6e6e6;\">OptanonConsent, _dc_gtm_UA-xxxxxxxx, OptanonAlertBoxClosed, eupubconsent<\/td>\n<td style=\"border: 1px solid #e6e6e6;\">Pr\u00f2pies<\/td>\n<\/tr>\n<tr>\n<td style=\"border: 1px solid #e6e6e6;\">outlook.office365.com<\/td>\n<td style=\"border: 1px solid #e6e6e6;\">OIDC, OutlookSession, ClientId<\/td>\n<td style=\"border: 1px solid #e6e6e6;\">Tercer<\/td>\n<\/tr>\n<tr>\n<td style=\"border: 1px solid #e6e6e6;\"><br><\/td>\n<td style=\"border: 1px solid #e6e6e6;\"><br><\/td>\n<td style=\"border: 1px solid #e6e6e6;\"><br><\/td>\n<\/tr>\n<tr>\n<td style=\"border: 1px solid #e6e6e6;\"><br><\/td>\n<td style=\"border: 1px solid #e6e6e6;\"><br><\/td>\n<td style=\"border: 1px solid #e6e6e6;\"><br><\/td>\n<\/tr>\n<\/tbody>\n<\/table>\n<\/div>\n<hr>\n<\/div>\n<h2>Galetes de rendiment<\/h2>\n<div style=\"color: #000000; font-style: normal; font-variant-ligatures: normal; font-variant-caps: normal; font-weight: 400; letter-spacing: normal; orphans: 2; text-align: start; text-indent: 0px; text-transform: none; widows: 2; word-spacing: 0px; -webkit-text-stroke-width: 0px; white-space: normal; text-decoration-thickness: initial; text-decoration-style: initial; text-decoration-color: initial; font-family: 'Segoe UI'; font-size: 14px; line-height: 20px;\">\n<p>Aquestes galetes ens permeten comptar les visites i les fonts de tr\u00e0nsit per tal de calcular i millorar el rendiment del nostre lloc web. Gr\u00e0cies a aquestes galetes, podem saber quines p\u00e0gines s\u00f3n m\u00e9s populars i observar com els visitants es mouen pel lloc web.<\/p>\n<p>Tota la informaci\u00f3 recopilada a trav\u00e9s de les galetes \u00e9s agregada i, per tant, an\u00f2nima. Si no accepteu aquestes galetes, no sabrem quan heu visitat el nostre lloc web.<\/p>\n<\/div>\n<h3>Galetes de rendiment<\/h3>\n<div style=\"color: #000000; font-style: normal; font-variant-ligatures: normal; font-variant-caps: normal; font-weight: 400; letter-spacing: normal; orphans: 2; text-align: start; text-indent: 0px; text-transform: none; widows: 2; word-spacing: 0px; -webkit-text-stroke-width: 0px; white-space: normal; text-decoration-thickness: initial; text-decoration-style: initial; text-decoration-color: initial; font-family: 'Segoe UI'; font-size: 14px; line-height: 20px;\">\n<div class=\"___i31lg00 f10pi13n f14t3ns0 f1nbblvp fat0sn4 f1ov4xf1 fekwl8i f1lmfglv f1oz7aqm f1abmfm4 f1w619qj f16h0jq8\">\n<table class=\"___1hm93bs f1ddd56o f16vktn6 f1enuhaj fdclmfp f1ev3kgc ftgm304 f1uinfot fibjyge fvueend f9yszdx f1fu4s3n f3l3pb3 f1s2k7dp f8fmt76 fjvbh62 fysh76l fic4ptz f1yenhzu f1yn6nvh f14tj6oe f1jq587y f1el8yx3 f1pymoxg f1ofu761 fe6itr f7coize f1794535 f70r78m f4zgifc fk1v6el f16pyhcb fo436u6 fzy4j18 fc43013 f1hmrcvb fc4t9fq fgp09rh fjnyn6r\">\n<tbody>\n<tr>\n<th style=\"border: 1px solid #e6e6e6; background-color: #f5f5f5;\">Subgrup de galetes<\/th>\n<th style=\"border: 1px solid #e6e6e6; background-color: #f5f5f5;\">Galetes<\/th>\n<th style=\"border: 1px solid #e6e6e6; background-color: #f5f5f5;\">Galetes que heu fet servir<\/th>\n<\/tr>\n<tr>\n<th style=\"border: 1px solid #e6e6e6; background-color: #f5f5f5;\" scope=\"row\"><strong>es-eventos.com<\/strong><\/th>\n<td style=\"border: 1px solid #e6e6e6;\">_gid, _ga, _gat<\/td>\n<td style=\"border: 1px solid #e6e6e6;\">Pr\u00f2pies<\/td>\n<\/tr>\n<\/tbody>\n<\/table>\n<\/div>\n<hr>\n<\/div>\n<h2>Galetes de personalitzaci\u00f3<\/h2>\n<div style=\"color: #000000; font-style: normal; font-variant-ligatures: normal; font-variant-caps: normal; font-weight: 400; letter-spacing: normal; orphans: 2; text-align: start; text-indent: 0px; text-transform: none; widows: 2; word-spacing: 0px; -webkit-text-stroke-width: 0px; white-space: normal; text-decoration-thickness: initial; text-decoration-style: initial; text-decoration-color: initial; font-family: 'Segoe UI'; font-size: 14px; line-height: 20px;\">\n<p>Aquestes galetes s\u00f3n les que els nostres socis publicitaris instal\u00b7len al nostre lloc web. Aquestes empreses poden fer servir les galetes per crear un perfil amb els vostres interessos i mostrar-vos anuncis rellevants en altres llocs web.<\/p>\n<p>Nom\u00e9s identifiquen el vostre navegador i el vostre dispositiu. Si no accepteu aquestes galetes, no trobareu els nostres anuncis personalitzats en altres llocs web.<\/p>\n<\/div>\n<h3>Galetes de personalitzaci\u00f3<\/h3>\n<div style=\"color: #000000; font-family: 'Segoe UI'; font-size: 14px; line-height: 20px;\">\n<div class=\"___i31lg00 f10pi13n f14t3ns0 f1nbblvp fat0sn4 f1ov4xf1 fekwl8i f1lmfglv f1oz7aqm f1abmfm4 f1w619qj f16h0jq8\">\n<table class=\"___1hm93bs f1ddd56o f16vktn6 f1enuhaj fdclmfp f1ev3kgc ftgm304 f1uinfot fibjyge fvueend f9yszdx f1fu4s3n f3l3pb3 f1s2k7dp f8fmt76 fjvbh62 fysh76l fic4ptz f1yenhzu f1yn6nvh f14tj6oe f1jq587y f1el8yx3 f1pymoxg f1ofu761 fe6itr f7coize f1794535 f70r78m f4zgifc fk1v6el f16pyhcb fo436u6 fzy4j18 fc43013 f1hmrcvb fc4t9fq fgp09rh fjnyn6r\">\n<tbody>\n<tr>\n<th style=\"border-color: #e6e6e6; background-color: #f5f5f5;\">Subgrup de galetes<\/th>\n<th style=\"border-color: #e6e6e6; background-color: #f5f5f5;\">Galetes<\/th>\n<th style=\"border-color: #e6e6e6; background-color: #f5f5f5;\">Galetes que heu fet servir<\/th>\n<\/tr>\n<tr>\n<th style=\"border-color: #e6e6e6; background-color: #f5f5f5;\" scope=\"row\"><strong>es-eventos.com<\/strong><\/th>\n<td style=\"border-color: #e6e6e6;\">_gat_gtag_xxxxxxxxxxxxxxxxxxxxxxxxxxx, _fbp<\/td>\n<td style=\"border-color: #e6e6e6;\">Pr\u00f2pies<\/td>\n<\/tr>\n<tr>\n<td style=\"border-color: #e6e6e6;\">facebook.com<\/td>\n<td style=\"border-color: #e6e6e6;\">fr<\/td>\n<td style=\"border-color: #e6e6e6;\">Tercer<\/td>\n<\/tr>\n<tr>\n<td style=\"border-color: #e6e6e6;\">www.cognitoforms.com<\/td>\n<td style=\"border-color: #e6e6e6;\">ai_session, ai_user<\/td>\n<td style=\"border-color: #e6e6e6;\">Tercer<\/td>\n<\/tr>\n<tr>\n<td style=\"border-color: #e6e6e6;\">doubleclick.net<\/td>\n<td style=\"border-color: #e6e6e6;\">test_cookie<\/td>\n<td style=\"border-color: #e6e6e6;\">Tercer<\/td>\n<\/tr>\n<tr>\n<td style=\"border-color: #e6e6e6;\">youtube.com<\/td>\n<td style=\"border-color: #e6e6e6;\">CONSENT, GPS, VISITOR_INFO1_LIVE, YSC<\/td>\n<td style=\"border-color: #e6e6e6;\">Tercer<\/td>\n<\/tr>\n<tr>\n<td style=\"border-color: #e6e6e6;\">www.facebook.com<\/td>\n<td style=\"border-color: #e6e6e6;\">\u2014<\/td>\n<td style=\"border-color: #e6e6e6;\">Tercer<\/td>\n<\/tr>\n<\/tbody>\n<\/table>\n<\/div>\n<\/div>\n<\/div>\t\t\t\t\t\t\t\t<\/div>\n\t\t\t\t<\/div>\n\t\t\t\t\t<\/div>\n\t\t\t\t<\/div>\n\t\t\t\t<\/div>\n\t\t","protected":false},"excerpt":{"rendered":"<p>POL\u00cdTICA DE COOKIES I EMMAGATZEMATGE LOCAL Definici\u00f3 i funci\u00f3 de les cookies De conformitat amb all\u00f2 establer a la Llei 34\/2002 de Serveis de la Societat de la Informaci\u00f3 i Comer\u00e7 Electr\u00f2nic, l\u2019informem que aquest lloc web emmagatzema informaci\u00f3 de les direccions IP dels ordinadors, i utilitza Cookies amb l\u2019objectiu de donar un millor servei [&hellip;]<\/p>\n","protected":false},"author":3,"featured_media":0,"parent":0,"menu_order":0,"comment_status":"closed","ping_status":"closed","template":"","meta":{"_acf_changed":false,"inline_featured_image":false,"footnotes":""},"class_list":["post-3632","page","type-page","status-publish","hentry"],"acf":[],"yoast_head":"<!-- This site is optimized with the Yoast SEO plugin v27.6 - https:\/\/yoast.com\/product\/yoast-seo-wordpress\/ -->\n<title>\u25b7Pol\u00edtica de cookies - \u3010 ES Eventos \u3011<\/title>\n<meta name=\"description\" content=\"POL\u00cdTICA DE COOKIES I EMMAGATZEMATGE LOCAL Definici\u00f3 i funci\u00f3 de les cookies De conformitat amb all\u00f2 establer a la Llei 34\/2002 de Serveis de la Societat \u2713\" \/>\n<meta name=\"robots\" content=\"noindex, nofollow\" \/>\n<meta property=\"og:locale\" content=\"ca_ES\" \/>\n<meta property=\"og:type\" content=\"article\" \/>\n<meta property=\"og:title\" content=\"\u25b7Pol\u00edtica de cookies - \u3010 ES Eventos \u3011\" \/>\n<meta property=\"og:description\" content=\"POL\u00cdTICA DE COOKIES I EMMAGATZEMATGE LOCAL Definici\u00f3 i funci\u00f3 de les cookies De conformitat amb all\u00f2 establer a la Llei 34\/2002 de Serveis de la Societat \u2713\" \/>\n<meta property=\"og:url\" content=\"https:\/\/www.es-eventos.com\/politica-de-cookies\/\" \/>\n<meta property=\"og:site_name\" content=\"ES Eventos\" \/>\n<meta property=\"article:modified_time\" content=\"2026-04-29T12:26:13+00:00\" \/>\n<meta name=\"twitter:card\" content=\"summary_large_image\" \/>\n<meta name=\"twitter:label1\" content=\"Temps estimat de lectura\" \/>\n\t<meta name=\"twitter:data1\" content=\"6 minuts\" \/>\n<!-- \/ Yoast SEO plugin. -->","yoast_head_json":{"title":"\u25b7Pol\u00edtica de cookies - \u3010 ES Eventos \u3011","description":"POL\u00cdTICA DE COOKIES I EMMAGATZEMATGE LOCAL Definici\u00f3 i funci\u00f3 de les cookies De conformitat amb all\u00f2 establer a la Llei 34\/2002 de Serveis de la Societat \u2713","robots":{"index":"noindex","follow":"nofollow"},"og_locale":"ca_ES","og_type":"article","og_title":"\u25b7Pol\u00edtica de cookies - \u3010 ES Eventos \u3011","og_description":"POL\u00cdTICA DE COOKIES I EMMAGATZEMATGE LOCAL Definici\u00f3 i funci\u00f3 de les cookies De conformitat amb all\u00f2 establer a la Llei 34\/2002 de Serveis de la Societat \u2713","og_url":"https:\/\/www.es-eventos.com\/politica-de-cookies\/","og_site_name":"ES Eventos","article_modified_time":"2026-04-29T12:26:13+00:00","twitter_card":"summary_large_image","twitter_misc":{"Temps estimat de lectura":"6 minuts"},"schema":{"@context":"https:\/\/schema.org","@graph":[{"@type":"WebPage","@id":"https:\/\/www.es-eventos.com\/politica-de-cookies\/","url":"https:\/\/www.es-eventos.com\/politica-de-cookies\/","name":"\u25b7Pol\u00edtica de cookies - \u3010 ES Eventos \u3011","isPartOf":{"@id":"https:\/\/www.es-eventos.com\/#website"},"datePublished":"2021-10-18T05:29:35+00:00","dateModified":"2026-04-29T12:26:13+00:00","description":"POL\u00cdTICA DE COOKIES I EMMAGATZEMATGE LOCAL Definici\u00f3 i funci\u00f3 de les cookies De conformitat amb all\u00f2 establer a la Llei 34\/2002 de Serveis de la Societat \u2713","breadcrumb":{"@id":"https:\/\/www.es-eventos.com\/politica-de-cookies\/#breadcrumb"},"inLanguage":"ca","potentialAction":[{"@type":"ReadAction","target":["https:\/\/www.es-eventos.com\/politica-de-cookies\/"]}]},{"@type":"BreadcrumbList","@id":"https:\/\/www.es-eventos.com\/politica-de-cookies\/#breadcrumb","itemListElement":[{"@type":"ListItem","position":1,"name":"Portada","item":"https:\/\/www.es-eventos.com\/ca\/inici\/"},{"@type":"ListItem","position":2,"name":"Pol\u00edtica de cookies"}]},{"@type":"WebSite","@id":"https:\/\/www.es-eventos.com\/#website","url":"https:\/\/www.es-eventos.com\/","name":"ES Eventos","description":"Espacios \u00fanicos para momentos inolvidables","publisher":{"@id":"https:\/\/www.es-eventos.com\/#organization"},"potentialAction":[{"@type":"SearchAction","target":{"@type":"EntryPoint","urlTemplate":"https:\/\/www.es-eventos.com\/?s={search_term_string}"},"query-input":{"@type":"PropertyValueSpecification","valueRequired":true,"valueName":"search_term_string"}}],"inLanguage":"ca"},{"@type":"Organization","@id":"https:\/\/www.es-eventos.com\/#organization","name":"ES Eventos","url":"https:\/\/www.es-eventos.com\/","logo":{"@type":"ImageObject","inLanguage":"ca","@id":"https:\/\/www.es-eventos.com\/#\/schema\/logo\/image\/","url":"https:\/\/www.es-eventos.com\/wp-content\/uploads\/2021\/10\/logo_eseventos_black.png","contentUrl":"https:\/\/www.es-eventos.com\/wp-content\/uploads\/2021\/10\/logo_eseventos_black.png","width":2560,"height":655,"caption":"ES Eventos"},"image":{"@id":"https:\/\/www.es-eventos.com\/#\/schema\/logo\/image\/"}}]}},"_links":{"self":[{"href":"https:\/\/www.es-eventos.com\/ca\/wp-json\/wp\/v2\/pages\/3632","targetHints":{"allow":["GET"]}}],"collection":[{"href":"https:\/\/www.es-eventos.com\/ca\/wp-json\/wp\/v2\/pages"}],"about":[{"href":"https:\/\/www.es-eventos.com\/ca\/wp-json\/wp\/v2\/types\/page"}],"author":[{"embeddable":true,"href":"https:\/\/www.es-eventos.com\/ca\/wp-json\/wp\/v2\/users\/3"}],"replies":[{"embeddable":true,"href":"https:\/\/www.es-eventos.com\/ca\/wp-json\/wp\/v2\/comments?post=3632"}],"version-history":[{"count":7,"href":"https:\/\/www.es-eventos.com\/ca\/wp-json\/wp\/v2\/pages\/3632\/revisions"}],"predecessor-version":[{"id":4078,"href":"https:\/\/www.es-eventos.com\/ca\/wp-json\/wp\/v2\/pages\/3632\/revisions\/4078"}],"wp:attachment":[{"href":"https:\/\/www.es-eventos.com\/ca\/wp-json\/wp\/v2\/media?parent=3632"}],"curies":[{"name":"wp","href":"https:\/\/api.w.org\/{rel}","templated":true}]}}