{"id":3624,"date":"2021-10-16T15:24:59","date_gmt":"2021-10-16T13:24:59","guid":{"rendered":"https:\/\/www.es-eventos.com\/avis-legal\/"},"modified":"2026-04-29T14:14:57","modified_gmt":"2026-04-29T12:14:57","slug":"avis-legal","status":"publish","type":"page","link":"https:\/\/www.es-eventos.com\/ca\/avis-legal\/","title":{"rendered":"Av\u00eds legal"},"content":{"rendered":"\t\t<div data-elementor-type=\"wp-page\" data-elementor-id=\"3624\" class=\"elementor elementor-3624 elementor-57\" data-elementor-post-type=\"page\">\n\t\t\t\t<div class=\"elementor-element elementor-element-664f328 e-flex e-con-boxed e-con e-parent\" data-id=\"664f328\" data-element_type=\"container\" data-e-type=\"container\">\n\t\t\t\t\t<div class=\"e-con-inner\">\n\t\t\t\t<div class=\"elementor-element elementor-element-39e90d5 elementor-widget elementor-widget-heading\" data-id=\"39e90d5\" data-element_type=\"widget\" data-e-type=\"widget\" data-widget_type=\"heading.default\">\n\t\t\t\t<div class=\"elementor-widget-container\">\n\t\t\t\t\t<h1 class=\"elementor-heading-title elementor-size-default\">AV\u00cdS LEGAL<\/h1>\t\t\t\t<\/div>\n\t\t\t\t<\/div>\n\t\t\t\t<div class=\"elementor-element elementor-element-c026941 elementor-widget elementor-widget-text-editor\" data-id=\"c026941\" data-element_type=\"widget\" data-e-type=\"widget\" data-widget_type=\"text-editor.default\">\n\t\t\t\t<div class=\"elementor-widget-container\">\n\t\t\t\t\t\t\t\t\t<div style=\"color: #000000; font-family: 'Segoe UI'; font-size: 14px; line-height: 20px;\"><p>\u00a0<\/p><p>ENGLISH SUMMER, S.A., prove\u00efda de CIF A43091388, actua com a titular, dinamitzador i gestor de continguts de la present Web https:\/\/www.es-eventos.com, (en endavant, ES\u2011EVENTOS). L\u2019entitat informa els Usuaris que compleix amb la normativa vigent en mat\u00e8ria de protecci\u00f3 de dades i, amb car\u00e0cter especial, amb el Reglament (UE) 2016\/679 del Parlament Europeu i del Consell, de 27 d\u2019abril de 2016, relatiu a la protecci\u00f3 de les persones f\u00edsiques pel que fa al tractament de dades personals i a la lliure circulaci\u00f3 d\u2019aquestes dades i pel qual es deroga la Directiva 95\/46\/CE (Reglament General de Protecci\u00f3 de Dades), amb la Llei Org\u00e0nica espanyola 3\/2018, de 5 de desembre, de Protecci\u00f3 de Dades Personals i garantia dels drets digitals, i amb la Llei de la Societat de Serveis de la Informaci\u00f3 i del Comer\u00e7 Electr\u00f2nic, Llei 34\/2002, d\u201911 de juliol.<\/p><p>Ra\u00f3 social o nom de l\u2019empresa<br \/>ENGLISH SUMMER, S.A.<\/p><p>CIF<br \/>A43091388<\/p><p>Poblaci\u00f3<br \/>TARRAGONA<\/p><p>Codi Postal<br \/>43008<\/p><h3><strong>INFORMACI\u00d3 GENERAL DE PRIVACITAT<\/strong><br \/><strong>ABAST<\/strong><\/h3><p><strong>CONCEPTE D\u2019USUARI<\/strong><br \/><br \/>La utilitzaci\u00f3 de la web (inclosa la seva \u00e0rea privada) atribueix la condici\u00f3 d\u2019Usuari i implica l\u2019acceptaci\u00f3 total i sense reserves de totes i cadascuna de les disposicions incloses en el present Av\u00eds Legal, en la versi\u00f3 publicada per ES\u2011EVENTOS, en el mateix moment en qu\u00e8 l\u2019Usuari accedeixi a la web. En conseq\u00fc\u00e8ncia, l\u2019Usuari ha de llegir atentament aquest Av\u00eds Legal i les Pol\u00edtiques de Privacitat en cadascuna de les ocasions en qu\u00e8 es proposi utilitzar la Web, ja que poden experimentar modificacions.<\/p><p><strong>INFORMACI\u00d3 SOBRE ELS LINKS<\/strong><br \/><br \/>ENGLISH SUMMER, S.A., com a titular d\u2019ES\u2011EVENTOS, no es fa responsable de les webs alienes a les quals es pugui accedir mitjan\u00e7ant vincles o \u201clinks\u201d, ni de qualsevol contingut posat a disposici\u00f3 per terceres persones.<\/p><p>Qualsevol \u00fas d\u2019un vincle o acc\u00e9s a una web aliena es realitza per voluntat i risc exclusiu de l\u2019usuari. En aquest sentit, ENGLISH SUMMER, S.A. no recomana ni garanteix cap informaci\u00f3 obtinguda a trav\u00e9s d\u2019un vincle ali\u00e8 a la web d\u2019ES\u2011EVENTOS, ni es responsabilitza de cap p\u00e8rdua, reclamaci\u00f3 o perjudici derivats de l\u2019\u00fas o mal \u00fas d\u2019un vincle o de la informaci\u00f3 obtinguda a trav\u00e9s del mateix, inclosos altres vincles o webs, interrupcions del servei o de l\u2019acc\u00e9s, o de l\u2019intent d\u2019utilitzar o no utilitzar incorrectament un vincle, tant en connectar-se a la web d\u2019ES\u2011EVENTOS com en accedir a la informaci\u00f3 d\u2019altres webs des de qualsevol de les p\u00e0gines web titularitat d\u2019ENGLISH SUMMER, S.A. vinculades amb aquesta.<\/p><p>S\u2019informa que ENGLISH SUMMER, S.A. \u00e9s titular de les p\u00e0gines web: https:\/\/www.es-eventos.com, https:\/\/www.englishsummer.com, https:\/\/www.cursos-idiomas-extranjero.com i https:\/\/www.edulonia.com<\/p><p><strong>VINCLES O ENLLA\u00c7OS DES D\u2019ALTRES WEBS EXTERNES<\/strong><br \/>Es prohibeix expressament establir qualsevol dels enlla\u00e7os a https:\/\/www.es-eventos.com, https:\/\/www.englishsummer.com, https:\/\/www.cursos-idiomas-extranjero.com i\/o https:\/\/www.edulonia.com des de p\u00e0gines que continguin manifestacions o propaganda de car\u00e0cter racista, xen\u00f2fob, pornogr\u00e0fic, d\u2019apologia del terrorisme, contra els Drets Humans o qualsevol altre contingut il\u00b7l\u00edcit o contrari a la moral i a l\u2019ordre p\u00fablic.<\/p><p>En cap cas es podr\u00e0 entendre ni declarar que ENGLISH SUMMER, S.A. interv\u00e9, avala, promociona, participa o ha supervisat de cap manera els continguts de la p\u00e0gina en la qual figuri l\u2019enlla\u00e7, ni tan sols que en consenti la inclusi\u00f3, excepte autoritzaci\u00f3 expressa.<\/p><p><strong>POL\u00cdTICA DE PRIVACITAT<\/strong><br \/>ENGLISH SUMMER, prove\u00efda de CIF A43091388, actua com a titular, dinamitzador i gestor de continguts de la present web d\u2019ES\u2011EVENTOS. L\u2019entitat informa els Usuaris que compleix amb la normativa vigent en mat\u00e8ria de protecci\u00f3 de dades i, amb car\u00e0cter especial, amb el Reglament (UE) 2016\/679 del Parlament Europeu i del Consell, de 27 d\u2019abril de 2016, relatiu a la protecci\u00f3 de les persones f\u00edsiques pel que fa al tractament de dades personals i a la lliure circulaci\u00f3 d\u2019aquestes dades i pel qual es deroga la Directiva 95\/46\/CE (Reglament General de Protecci\u00f3 de Dades), amb la Llei Org\u00e0nica espanyola 3\/2018, de 5 de desembre, de Protecci\u00f3 de Dades Personals i garantia dels drets digitals, i amb la Llei de la Societat de Serveis de la Informaci\u00f3 i del Comer\u00e7 Electr\u00f2nic, Llei 34\/2002, d\u201911 de juliol.<\/p><p>En virtut d\u2019aquesta normativa, s\u2019informa que les dades facilitades per l\u2019Usuari a trav\u00e9s dels formularis de la web (inclosa l\u2019\u00c0rea Privada) seran incorporades i tractades en un tractament degudament registrat al RGAEPD, del qual n\u2019\u00e9s responsable ENGLISH SUMMER, S.A., amb la finalitat d\u2019atendre la relaci\u00f3 establerta entre les parts i emparada per la normativa vigent, especialment en mat\u00e8ria de Prevenci\u00f3 de Riscos Laborals i resta de legislaci\u00f3 connexa. Les dades s\u00f3n confidencials i el seu \u00fas respon als fins legalment establerts en cada moment.<\/p><p>Si ho desitja, pot exercir els seus drets d\u2019acc\u00e9s, rectificaci\u00f3, cancel\u00b7laci\u00f3 o oposici\u00f3 al tractament d\u2019aquestes dades mitjan\u00e7ant un escrit adre\u00e7at a l\u2019OFICINA LOPD, amb domicili a Finca Tamarit, Carretera Castell de Tamarit s\/n, 43008 Tarragona. Per obtenir m\u00e9s informaci\u00f3 sobre la nostra Pol\u00edtica de Privacitat, pot adre\u00e7ar-se a l\u2019enlla\u00e7 publicat a la mateixa p\u00e0gina web d\u2019ES\u2011EVENTOS, a l\u2019apartat indicat com a \u201cPol\u00edtica de Privacitat\u201d.<\/p><p><strong>INFORMACI\u00d3 SOBRE L\u2019\u00daS DE COOKIES<\/strong><br \/>En aquesta Web es poden utilitzar cookies en algunes p\u00e0gines. La finalitat d\u2019aquestes cookies \u00e9s millorar el servei ofert als nostres clients i visitants. Les cookies s\u00f3n petits fitxers de dades que es generen a l\u2019ordinador de l\u2019usuari i que permeten obtenir la informaci\u00f3 seg\u00fcent:<\/p><p>Data i hora de l\u2019\u00faltima visita de l\u2019usuari a la Web.<br \/>Disseny de continguts que l\u2019usuari va escollir en la seva primera visita a la web.<br \/>Elements de seguretat que intervenen en el control d\u2019acc\u00e9s a les \u00e0rees restringides.<\/p><p>Pot consultar la Pol\u00edtica de Cookies publicada a la mateixa p\u00e0gina web d\u2019ES\u2011EVENTOS.<\/p><p><strong>REN\u00daNCIA I LIMITACI\u00d3 DE RESPONSABILITAT<\/strong><br \/>ENGLISH SUMMER, S.A., titular d\u2019ES\u2011EVENTOS, informa que en tot moment s\u2019han revisat les mesures de seguretat oportunes per tal de presentar als usuaris de la web informaci\u00f3 i serveis adequats, veraces i actualitzats; no obstant aix\u00f2, es reserva el dret de rectificaci\u00f3 respecte d\u2019aquells aspectes que, de manera fortu\u00efta i eventual, puguin contenir incorreccions, desactualitzacions o errors.<\/p><p>ENGLISH SUMMER, S.A. ha obtingut la informaci\u00f3 i els materials inclosos a la web de fonts considerades fiables; no obstant aix\u00f2, tot i que s\u2019han adoptat les mesures corresponents per assegurar que la informaci\u00f3 continguda sigui correcta, no garanteix que sigui exacta o estigui actualitzada.<\/p><p>Aix\u00ed mateix, s\u2019adverteix que els continguts d\u2019aquesta Web tenen dues finalitats: una finalitat informativa relativa a la qualitat, situaci\u00f3, serveis i tarifes, i una altra de venda de serveis, d\u2019acord amb el que preveu el present av\u00eds legal i la resta de textos legals de la web.<\/p><p><strong>INDICACIONS SOBRE ASPECTES T\u00c8CNICS<\/strong><br \/>ENGLISH SUMMER, S.A., titular d\u2019ES\u2011EVENTOS, declina qualsevol responsabilitat en cas que es produeixin interrupcions o mal funcionament dels serveis o continguts oferts a Internet, sigui quina en sigui la causa. Aix\u00ed mateix, ENGLISH SUMMER, S.A. no es fa responsable de les caigudes de la xarxa, p\u00e8rdues d\u2019informaci\u00f3 com a conseq\u00fc\u00e8ncia d\u2019aquestes caigudes, suspensions temporals del subministrament el\u00e8ctric o qualsevol altre tipus de dany indirecte que pugui afectar els usuaris per causes alienes a ENGLISH SUMMER, S.A.<\/p><p>ENGLISH SUMMER, S.A. no declara ni garanteix que els serveis o continguts estiguin lliures d\u2019interrupcions o errors, que els defectes siguin corregits o que el servei o el servidor que els posa a disposici\u00f3 estiguin lliures de virus o d\u2019altres components nocius, sense perjudici que ENGLISH SUMMER, S.A. realitzi els seus millors esfor\u00e7os per evitar aquest tipus d\u2019incidents. En cas que l\u2019Usuari adopti decisions o realitzi accions basant-se en la informaci\u00f3 continguda en qualsevol de les webs, es recomana comprovar aquesta informaci\u00f3 amb altres fonts.<\/p><p><strong>PROPIETAT INDUSTRIAL I INTEL\u00b7LECTUAL<\/strong><br \/>Els continguts facilitats per ENGLISH SUMMER, S.A., aix\u00ed com els continguts introdu\u00efts a la xarxa mitjan\u00e7ant les seves p\u00e0gines web, constitueixen una obra en el sentit de la legislaci\u00f3 sobre propietat intel\u00b7lectual i, per tant, estan protegits per les lleis i convenis internacionals aplicables en la mat\u00e8ria. Queda prohibida qualsevol forma de reproducci\u00f3, distribuci\u00f3, comunicaci\u00f3 p\u00fablica, transformaci\u00f3, posada a disposici\u00f3 i, en general, qualsevol altre acte d\u2019explotaci\u00f3 p\u00fablica referit tant a les p\u00e0gines web com als seus continguts i informaci\u00f3, sense el consentiment previ, expr\u00e9s i per escrit d\u2019ENGLISH SUMMER, S.A.<\/p><p>En conseq\u00fc\u00e8ncia, tots els continguts que es mostren als diferents llocs web i, especialment, els dissenys, textos, gr\u00e0fics, logotips, icones, botons, programari, noms comercials, marques, dibuixos industrials o qualsevol altre signe susceptible d\u2019utilitzaci\u00f3 industrial i comercial estan subjectes als drets de propietat intel\u00b7lectual i industrial d\u2019ENGLISH SUMMER, S.A., o de tercers titulars d\u2019aquests continguts que n\u2019han autoritzat degudament la seva inclusi\u00f3 als diversos llocs web.<\/p><p>Els continguts, imatges, formes, opinions, \u00edndexs i la resta d\u2019expressions formals que formin part de les p\u00e0gines web, aix\u00ed com el programari necessari per al seu funcionament i visualitzaci\u00f3, constitueixen igualment una obra en el sentit del Dret d\u2019Autor i, per tant, estan protegits pels convenis internacionals i les legislacions nacionals en mat\u00e8ria de propietat intel\u00b7lectual que resultin aplicables. L\u2019incompliment del que s\u2019assenyala implica la comissi\u00f3 de greus actes il\u00b7l\u00edcits i la seva sanci\u00f3 d\u2019acord amb la legislaci\u00f3 civil i penal.<\/p><p>Queda prohibit qualsevol acte en virtut del qual els Usuaris dels serveis o continguts puguin explotar o utilitzar comercialment, directament o indirectament, en la seva totalitat o parcialment, qualsevol dels continguts, imatges, formes, \u00edndexs i la resta d\u2019expressions formals que formin part de les p\u00e0gines web sense la pr\u00e8via autoritzaci\u00f3 per escrit d\u2019ENGLISH SUMMER, S.A.<\/p><p>En concret, i sense car\u00e0cter exhaustiu, queden prohibits els actes de reproducci\u00f3, distribuci\u00f3, exhibici\u00f3, transmissi\u00f3, retransmissi\u00f3, emissi\u00f3 de qualsevol forma, emmagatzematge en suports f\u00edsics o l\u00f2gics (per exemple, disquets o discs durs d\u2019ordinadors), digitalitzaci\u00f3 o posada a disposici\u00f3 des de bases de dades diferents de les que pertanyen a ENGLISH SUMMER, S.A., aix\u00ed com la seva traducci\u00f3, adaptaci\u00f3, arranjament o qualsevol altra transformaci\u00f3 de les esmentades opinions, imatges, formes, \u00edndexs i la resta d\u2019expressions formals que es posin a disposici\u00f3 dels Usuaris mitjan\u00e7ant els serveis o continguts, en la mesura que aquests actes estiguin sotmesos a la legislaci\u00f3 aplicable en mat\u00e8ria de propietat intel\u00b7lectual, industrial o de protecci\u00f3 de la imatge.<\/p><p>ENGLISH SUMMER, S.A. \u00e9s lliure de limitar l\u2019acc\u00e9s a les p\u00e0gines web i als productes i\/o serveis que s\u2019hi ofereixen, aix\u00ed com la conseg\u00fcent publicaci\u00f3 de les opinions, observacions, imatges o comentaris que els Usuaris puguin fer-li arribar mitjan\u00e7ant correu electr\u00f2nic.<\/p><p>En aquest sentit, ENGLISH SUMMER, S.A. podr\u00e0 establir, si ho considera oport\u00fa, i sense perjudici de l\u2019\u00fanica i exclusiva responsabilitat dels Usuaris, els filtres necessaris per evitar que mitjan\u00e7ant les seves p\u00e0gines web s\u2019introdueixin a la xarxa continguts o opinions considerats racistes, xen\u00f2fobs, discriminatoris, pornogr\u00e0fics, difamatoris o que, de qualsevol manera, fomentin la viol\u00e8ncia o la difusi\u00f3 de continguts clarament il\u00b7l\u00edcits o nocius.<\/p><p>Aquells Usuaris que envi\u00efn a les p\u00e0gines web d\u2019ENGLISH SUMMER, S.A., inclosa la d\u2019ES\u2011EVENTOS, al departament de suggeriments, observacions, opinions o comentaris mitjan\u00e7ant el servei de correu electr\u00f2nic, llevat que expressin de manera clara i inequ\u00edvoca el contrari, i en aquells casos en qu\u00e8, per la naturalesa dels serveis o continguts, sigui possible, s\u2019ent\u00e9n que autoritzen ENGLISH SUMMER, S.A. a la reproducci\u00f3, distribuci\u00f3, exhibici\u00f3, transmissi\u00f3, retransmissi\u00f3, emissi\u00f3 en qualsevol format, emmagatzematge en suports f\u00edsics o l\u00f2gics (per exemple, disquets o discs durs d\u2019ordinadors), digitalitzaci\u00f3, posada a disposici\u00f3 des de bases de dades pertanyents a ENGLISH SUMMER, S.A., traducci\u00f3, adaptaci\u00f3, arranjament o qualsevol altra transformaci\u00f3 d\u2019aquestes observacions, opinions o comentaris, durant el temps de protecci\u00f3 dels drets d\u2019autor legalment previst.<\/p><p>Aix\u00ed mateix, s\u2019ent\u00e9n que aquesta autoritzaci\u00f3 s\u2019atorga a t\u00edtol gratu\u00eft i que, pel sol fet d\u2019enviar observacions, opinions o comentaris d\u2019aquesta naturalesa per correu electr\u00f2nic, els Usuaris renuncien a qualsevol pretensi\u00f3 econ\u00f2mica envers ENGLISH SUMMER, S.A.<\/p><p>D\u2019acord amb el que s\u2019assenyala al par\u00e0graf anterior, ENGLISH SUMMER, S.A. queda igualment autoritzada a modificar o alterar aquestes observacions, opinions o comentaris amb la finalitat d\u2019adaptar-los a les necessitats de format editorial de les p\u00e0gines web, sense que per aix\u00f2 es pugui entendre que existeix cap lesi\u00f3 dels drets morals d\u2019autor que els Usuaris poguessin ostentar sobre els mateixos.<\/p><p>Queda prohibit qualsevol recurs t\u00e8cnic, l\u00f2gic o tecnol\u00f2gic en virtut del qual una tercera persona pugui beneficiar-se, directament o indirectament, amb o sense \u00e0nim de lucre, de tots i cadascun dels continguts, formes, \u00edndexs i la resta d\u2019expressions formals que formin part de les p\u00e0gines web, o de l\u2019esfor\u00e7 realitzat per ENGLISH SUMMER, S.A. per al seu funcionament.<\/p><p>En concret, queda prohibit qualsevol enlla\u00e7, hiperenlla\u00e7, framing o vincle similar que es pugui establir cap a qualsevol de les p\u00e0gines web d\u2019ENGLISH SUMMER, S.A., inclosa la d\u2019ES\u2011EVENTOS, sense el consentiment previ, expr\u00e9s i per escrit d\u2019ENGLISH SUMMER, S.A. Qualsevol transgressi\u00f3 del que disposa aquest punt ser\u00e0 considerada com una lesi\u00f3 dels leg\u00edtims drets de propietat intel\u00b7lectual d\u2019ENGLISH SUMMER, S.A. sobre les p\u00e0gines web i tots els seus continguts.<\/p><p>ENGLISH SUMMER, S.A. no assumir\u00e0 cap responsabilitat davant de les conseq\u00fc\u00e8ncies derivades de les conductes i actuacions anteriorment esmentades, de la mateixa manera que no assumir\u00e0 cap responsabilitat pels continguts, serveis o productes de tercers als quals es pugui accedir directament o indirectament a trav\u00e9s de b\u00e0ners, enlla\u00e7os, links, hiperenlla\u00e7os, framing o vincles similars des dels llocs web d\u2019ENGLISH SUMMER, S.A., inclosa la d\u2019ES\u2011EVENTOS.<\/p><\/div>\t\t\t\t\t\t\t\t<\/div>\n\t\t\t\t<\/div>\n\t\t\t\t\t<\/div>\n\t\t\t\t<\/div>\n\t\t\t\t<\/div>\n\t\t","protected":false},"excerpt":{"rendered":"<p>AV\u00cdS LEGAL \u00a0 ENGLISH SUMMER, S.A., prove\u00efda de CIF A43091388, actua com a titular, dinamitzador i gestor de continguts de la present Web https:\/\/www.es-eventos.com, (en endavant, ES\u2011EVENTOS). L\u2019entitat informa els Usuaris que compleix amb la normativa vigent en mat\u00e8ria de protecci\u00f3 de dades i, amb car\u00e0cter especial, amb el Reglament (UE) 2016\/679 del Parlament Europeu [&hellip;]<\/p>\n","protected":false},"author":3,"featured_media":0,"parent":0,"menu_order":0,"comment_status":"closed","ping_status":"closed","template":"elementor_header_footer","meta":{"_acf_changed":false,"inline_featured_image":false,"footnotes":""},"class_list":["post-3624","page","type-page","status-publish","hentry"],"acf":[],"yoast_head":"<!-- This site is optimized with the Yoast SEO plugin v27.6 - https:\/\/yoast.com\/product\/yoast-seo-wordpress\/ -->\n<title>\u25b7Av\u00eds legal - \u3010 ES Eventos \u3011<\/title>\n<meta name=\"description\" content=\"AV\u00cdS LEGAL \u00a0ENGLISH SUMMER, S.A., prove\u00efda de CIF A43091388, actua com a titular, dinamitzador i gestor de continguts de la present Web \u2713\" \/>\n<meta name=\"robots\" content=\"noindex, nofollow\" \/>\n<meta property=\"og:locale\" content=\"ca_ES\" \/>\n<meta property=\"og:type\" content=\"article\" \/>\n<meta property=\"og:title\" content=\"\u25b7Av\u00eds legal - \u3010 ES Eventos \u3011\" \/>\n<meta property=\"og:description\" content=\"AV\u00cdS LEGAL \u00a0ENGLISH SUMMER, S.A., prove\u00efda de CIF A43091388, actua com a titular, dinamitzador i gestor de continguts de la present Web \u2713\" \/>\n<meta property=\"og:url\" content=\"https:\/\/www.es-eventos.com\/aviso-legal\/\" \/>\n<meta property=\"og:site_name\" content=\"ES Eventos\" \/>\n<meta property=\"article:modified_time\" content=\"2026-04-29T12:14:57+00:00\" \/>\n<meta name=\"twitter:card\" content=\"summary_large_image\" \/>\n<meta name=\"twitter:label1\" content=\"Temps estimat de lectura\" \/>\n\t<meta name=\"twitter:data1\" content=\"12 minuts\" \/>\n<!-- \/ Yoast SEO plugin. -->","yoast_head_json":{"title":"\u25b7Av\u00eds legal - \u3010 ES Eventos \u3011","description":"AV\u00cdS LEGAL \u00a0ENGLISH SUMMER, S.A., prove\u00efda de CIF A43091388, actua com a titular, dinamitzador i gestor de continguts de la present Web \u2713","robots":{"index":"noindex","follow":"nofollow"},"og_locale":"ca_ES","og_type":"article","og_title":"\u25b7Av\u00eds legal - \u3010 ES Eventos \u3011","og_description":"AV\u00cdS LEGAL \u00a0ENGLISH SUMMER, S.A., prove\u00efda de CIF A43091388, actua com a titular, dinamitzador i gestor de continguts de la present Web \u2713","og_url":"https:\/\/www.es-eventos.com\/aviso-legal\/","og_site_name":"ES Eventos","article_modified_time":"2026-04-29T12:14:57+00:00","twitter_card":"summary_large_image","twitter_misc":{"Temps estimat de lectura":"12 minuts"},"schema":{"@context":"https:\/\/schema.org","@graph":[{"@type":"WebPage","@id":"https:\/\/www.es-eventos.com\/aviso-legal\/","url":"https:\/\/www.es-eventos.com\/aviso-legal\/","name":"\u25b7Av\u00eds legal - \u3010 ES Eventos \u3011","isPartOf":{"@id":"https:\/\/www.es-eventos.com\/#website"},"datePublished":"2021-10-16T13:24:59+00:00","dateModified":"2026-04-29T12:14:57+00:00","description":"AV\u00cdS LEGAL \u00a0ENGLISH SUMMER, S.A., prove\u00efda de CIF A43091388, actua com a titular, dinamitzador i gestor de continguts de la present Web \u2713","breadcrumb":{"@id":"https:\/\/www.es-eventos.com\/aviso-legal\/#breadcrumb"},"inLanguage":"ca","potentialAction":[{"@type":"ReadAction","target":["https:\/\/www.es-eventos.com\/aviso-legal\/"]}]},{"@type":"BreadcrumbList","@id":"https:\/\/www.es-eventos.com\/aviso-legal\/#breadcrumb","itemListElement":[{"@type":"ListItem","position":1,"name":"Portada","item":"https:\/\/www.es-eventos.com\/ca\/inici\/"},{"@type":"ListItem","position":2,"name":"Av\u00eds legal"}]},{"@type":"WebSite","@id":"https:\/\/www.es-eventos.com\/#website","url":"https:\/\/www.es-eventos.com\/","name":"ES Eventos","description":"Espacios \u00fanicos para momentos inolvidables","publisher":{"@id":"https:\/\/www.es-eventos.com\/#organization"},"potentialAction":[{"@type":"SearchAction","target":{"@type":"EntryPoint","urlTemplate":"https:\/\/www.es-eventos.com\/?s={search_term_string}"},"query-input":{"@type":"PropertyValueSpecification","valueRequired":true,"valueName":"search_term_string"}}],"inLanguage":"ca"},{"@type":"Organization","@id":"https:\/\/www.es-eventos.com\/#organization","name":"ES Eventos","url":"https:\/\/www.es-eventos.com\/","logo":{"@type":"ImageObject","inLanguage":"ca","@id":"https:\/\/www.es-eventos.com\/#\/schema\/logo\/image\/","url":"https:\/\/www.es-eventos.com\/wp-content\/uploads\/2021\/10\/logo_eseventos_black.png","contentUrl":"https:\/\/www.es-eventos.com\/wp-content\/uploads\/2021\/10\/logo_eseventos_black.png","width":2560,"height":655,"caption":"ES Eventos"},"image":{"@id":"https:\/\/www.es-eventos.com\/#\/schema\/logo\/image\/"}}]}},"_links":{"self":[{"href":"https:\/\/www.es-eventos.com\/ca\/wp-json\/wp\/v2\/pages\/3624","targetHints":{"allow":["GET"]}}],"collection":[{"href":"https:\/\/www.es-eventos.com\/ca\/wp-json\/wp\/v2\/pages"}],"about":[{"href":"https:\/\/www.es-eventos.com\/ca\/wp-json\/wp\/v2\/types\/page"}],"author":[{"embeddable":true,"href":"https:\/\/www.es-eventos.com\/ca\/wp-json\/wp\/v2\/users\/3"}],"replies":[{"embeddable":true,"href":"https:\/\/www.es-eventos.com\/ca\/wp-json\/wp\/v2\/comments?post=3624"}],"version-history":[{"count":4,"href":"https:\/\/www.es-eventos.com\/ca\/wp-json\/wp\/v2\/pages\/3624\/revisions"}],"predecessor-version":[{"id":4070,"href":"https:\/\/www.es-eventos.com\/ca\/wp-json\/wp\/v2\/pages\/3624\/revisions\/4070"}],"wp:attachment":[{"href":"https:\/\/www.es-eventos.com\/ca\/wp-json\/wp\/v2\/media?parent=3624"}],"curies":[{"name":"wp","href":"https:\/\/api.w.org\/{rel}","templated":true}]}}