{"id":3611,"date":"2026-01-08T17:36:52","date_gmt":"2026-01-08T16:36:52","guid":{"rendered":"https:\/\/www.es-eventos.com\/empreses\/"},"modified":"2026-04-24T10:58:30","modified_gmt":"2026-04-24T08:58:30","slug":"empreses","status":"publish","type":"page","link":"https:\/\/www.es-eventos.com\/ca\/empreses\/","title":{"rendered":"Empreses"},"content":{"rendered":"\t\t<div data-elementor-type=\"wp-page\" data-elementor-id=\"3611\" class=\"elementor elementor-3611 elementor-1059\" data-elementor-post-type=\"page\">\n\t\t\t\t<div class=\"elementor-element elementor-element-0611c6e e-flex e-con-boxed e-con e-parent\" data-id=\"0611c6e\" data-element_type=\"container\" data-e-type=\"container\" data-settings=\"{&quot;background_background&quot;:&quot;classic&quot;}\">\n\t\t\t\t\t<div class=\"e-con-inner\">\n\t\t\t\t<div class=\"elementor-element elementor-element-27b0fda elementor-widget elementor-widget-heading\" data-id=\"27b0fda\" data-element_type=\"widget\" data-e-type=\"widget\" data-widget_type=\"heading.default\">\n\t\t\t\t<div class=\"elementor-widget-container\">\n\t\t\t\t\t<h1 class=\"elementor-heading-title elementor-size-default\">TEAMBUILDINGS<br> QUE UNEIXEN DE VERITAT<\/h1>\t\t\t\t<\/div>\n\t\t\t\t<\/div>\n\t\t\t\t<div class=\"elementor-element elementor-element-783d06b elementor-widget__width-initial elementor-widget elementor-widget-heading\" data-id=\"783d06b\" data-element_type=\"widget\" data-e-type=\"widget\" data-widget_type=\"heading.default\">\n\t\t\t\t<div class=\"elementor-widget-container\">\n\t\t\t\t\t<h2 class=\"elementor-heading-title elementor-size-default\">Dissenyem experi\u00e8ncies en plena natura perqu\u00e8 el teu equip es conegui millor, reforci la confian\u00e7a i torni a la feina amb m\u00e9s motivaci\u00f3 i energia compartida.<\/h2>\t\t\t\t<\/div>\n\t\t\t\t<\/div>\n\t\t\t\t<div class=\"elementor-element elementor-element-4623443 upper elementor-align-center elementor-widget elementor-widget-button\" data-id=\"4623443\" data-element_type=\"widget\" data-e-type=\"widget\" data-widget_type=\"button.default\">\n\t\t\t\t<div class=\"elementor-widget-container\">\n\t\t\t\t\t\t\t\t\t<div class=\"elementor-button-wrapper\">\n\t\t\t\t\t<a class=\"elementor-button elementor-button-link elementor-size-sm\" href=\"#\">\n\t\t\t\t\t\t<span class=\"elementor-button-content-wrapper\">\n\t\t\t\t\t\t\t\t\t<span class=\"elementor-button-text\">Contacte<\/span>\n\t\t\t\t\t<\/span>\n\t\t\t\t\t<\/a>\n\t\t\t\t<\/div>\n\t\t\t\t\t\t\t\t<\/div>\n\t\t\t\t<\/div>\n\t\t\t\t\t<\/div>\n\t\t\t\t<\/div>\n\t\t<div class=\"elementor-element elementor-element-c797337 e-flex e-con-boxed e-con e-parent\" data-id=\"c797337\" data-element_type=\"container\" data-e-type=\"container\" data-settings=\"{&quot;background_background&quot;:&quot;classic&quot;}\">\n\t\t\t\t\t<div class=\"e-con-inner\">\n\t\t\t\t<div class=\"elementor-element elementor-element-1160ef2 elementor-widget elementor-widget-heading\" data-id=\"1160ef2\" data-element_type=\"widget\" data-e-type=\"widget\" data-widget_type=\"heading.default\">\n\t\t\t\t<div class=\"elementor-widget-container\">\n\t\t\t\t\t<h2 class=\"elementor-heading-title elementor-size-default\">Moments compartits que enforteixen l'equip<\/h2>\t\t\t\t<\/div>\n\t\t\t\t<\/div>\n\t\t\t\t<div class=\"elementor-element elementor-element-a52fcee elementor-widget elementor-widget-text-editor\" data-id=\"a52fcee\" data-element_type=\"widget\" data-e-type=\"widget\" data-widget_type=\"text-editor.default\">\n\t\t\t\t<div class=\"elementor-widget-container\">\n\t\t\t\t\t\t\t\t\t<p>Creem jornades on l&#8217;equip surt de la rutina per conviure, jugar i fer front a reptes junts en un entorn relaxat. Combinem activitats din\u00e0miques amb moments de desconnexi\u00f3 perqu\u00e8 les persones s&#8217;escoltin, es coneguin millor i construeixin vincles que despr\u00e9s es noten al dia a dia de l&#8217;empresa. <\/p>\t\t\t\t\t\t\t\t<\/div>\n\t\t\t\t<\/div>\n\t\t\t\t\t<\/div>\n\t\t\t\t<\/div>\n\t\t\t\t<\/div>\n\t\t","protected":false},"excerpt":{"rendered":"<p>TEAMBUILDINGS QUE UNEIXEN DE VERITAT Dissenyem experi\u00e8ncies en plena natura perqu\u00e8 el teu equip es conegui millor, reforci la confian\u00e7a i torni a la feina amb m\u00e9s motivaci\u00f3 i energia compartida. Contacte Moments compartits que enforteixen l&#8217;equip Creem jornades on l&#8217;equip surt de la rutina per conviure, jugar i fer front a reptes junts en [&hellip;]<\/p>\n","protected":false},"author":3,"featured_media":0,"parent":0,"menu_order":0,"comment_status":"closed","ping_status":"closed","template":"","meta":{"_acf_changed":false,"inline_featured_image":false,"footnotes":""},"class_list":["post-3611","page","type-page","status-publish","hentry"],"acf":[],"yoast_head":"<!-- This site is optimized with the Yoast SEO plugin v27.6 - https:\/\/yoast.com\/product\/yoast-seo-wordpress\/ -->\n<title>\u25b7Empreses - \u3010 ES Eventos \u3011<\/title>\n<meta name=\"description\" content=\"Organitzem experi\u00e8ncies corporatives \u00faniques: esdeveniments, allotjament i activitats dissenyades per motivar, celebrar i enfortir el teu equip\" \/>\n<meta name=\"robots\" content=\"noindex, follow, max-snippet:-1, max-image-preview:large, max-video-preview:-1\" \/>\n<meta property=\"og:locale\" content=\"ca_ES\" \/>\n<meta property=\"og:type\" content=\"article\" \/>\n<meta property=\"og:title\" content=\"\u25b7Empreses - \u3010 ES Eventos \u3011\" \/>\n<meta property=\"og:description\" content=\"Organitzem experi\u00e8ncies corporatives \u00faniques: esdeveniments, allotjament i activitats dissenyades per motivar, celebrar i enfortir el teu equip\" \/>\n<meta property=\"og:url\" content=\"https:\/\/www.es-eventos.com\/ca\/empreses\/\" \/>\n<meta property=\"og:site_name\" content=\"ES Eventos\" \/>\n<meta property=\"article:modified_time\" content=\"2026-04-24T08:58:30+00:00\" \/>\n<meta name=\"twitter:card\" content=\"summary_large_image\" \/>\n<!-- \/ Yoast SEO plugin. -->","yoast_head_json":{"title":"\u25b7Empreses - \u3010 ES Eventos \u3011","description":"Organitzem experi\u00e8ncies corporatives \u00faniques: esdeveniments, allotjament i activitats dissenyades per motivar, celebrar i enfortir el teu equip","robots":{"index":"noindex","follow":"follow","max-snippet":"max-snippet:-1","max-image-preview":"max-image-preview:large","max-video-preview":"max-video-preview:-1"},"og_locale":"ca_ES","og_type":"article","og_title":"\u25b7Empreses - \u3010 ES Eventos \u3011","og_description":"Organitzem experi\u00e8ncies corporatives \u00faniques: esdeveniments, allotjament i activitats dissenyades per motivar, celebrar i enfortir el teu equip","og_url":"https:\/\/www.es-eventos.com\/ca\/empreses\/","og_site_name":"ES Eventos","article_modified_time":"2026-04-24T08:58:30+00:00","twitter_card":"summary_large_image","schema":{"@context":"https:\/\/schema.org","@graph":[{"@type":"WebPage","@id":"https:\/\/www.es-eventos.com\/ca\/empreses\/","url":"https:\/\/www.es-eventos.com\/ca\/empreses\/","name":"\u25b7Empreses - \u3010 ES Eventos \u3011","isPartOf":{"@id":"https:\/\/www.es-eventos.com\/#website"},"datePublished":"2026-01-08T16:36:52+00:00","dateModified":"2026-04-24T08:58:30+00:00","description":"Organitzem experi\u00e8ncies corporatives \u00faniques: esdeveniments, allotjament i activitats dissenyades per motivar, celebrar i enfortir el teu equip","breadcrumb":{"@id":"https:\/\/www.es-eventos.com\/ca\/empreses\/#breadcrumb"},"inLanguage":"ca","potentialAction":[{"@type":"ReadAction","target":["https:\/\/www.es-eventos.com\/ca\/empreses\/"]}]},{"@type":"BreadcrumbList","@id":"https:\/\/www.es-eventos.com\/ca\/empreses\/#breadcrumb","itemListElement":[{"@type":"ListItem","position":1,"name":"Portada","item":"https:\/\/www.es-eventos.com\/ca\/inici\/"},{"@type":"ListItem","position":2,"name":"Empreses"}]},{"@type":"WebSite","@id":"https:\/\/www.es-eventos.com\/#website","url":"https:\/\/www.es-eventos.com\/","name":"ES Eventos","description":"Espacios \u00fanicos para momentos inolvidables","publisher":{"@id":"https:\/\/www.es-eventos.com\/#organization"},"potentialAction":[{"@type":"SearchAction","target":{"@type":"EntryPoint","urlTemplate":"https:\/\/www.es-eventos.com\/?s={search_term_string}"},"query-input":{"@type":"PropertyValueSpecification","valueRequired":true,"valueName":"search_term_string"}}],"inLanguage":"ca"},{"@type":"Organization","@id":"https:\/\/www.es-eventos.com\/#organization","name":"ES Eventos","url":"https:\/\/www.es-eventos.com\/","logo":{"@type":"ImageObject","inLanguage":"ca","@id":"https:\/\/www.es-eventos.com\/#\/schema\/logo\/image\/","url":"https:\/\/www.es-eventos.com\/wp-content\/uploads\/2021\/10\/logo_eseventos_black.png","contentUrl":"https:\/\/www.es-eventos.com\/wp-content\/uploads\/2021\/10\/logo_eseventos_black.png","width":2560,"height":655,"caption":"ES Eventos"},"image":{"@id":"https:\/\/www.es-eventos.com\/#\/schema\/logo\/image\/"}}]}},"_links":{"self":[{"href":"https:\/\/www.es-eventos.com\/ca\/wp-json\/wp\/v2\/pages\/3611","targetHints":{"allow":["GET"]}}],"collection":[{"href":"https:\/\/www.es-eventos.com\/ca\/wp-json\/wp\/v2\/pages"}],"about":[{"href":"https:\/\/www.es-eventos.com\/ca\/wp-json\/wp\/v2\/types\/page"}],"author":[{"embeddable":true,"href":"https:\/\/www.es-eventos.com\/ca\/wp-json\/wp\/v2\/users\/3"}],"replies":[{"embeddable":true,"href":"https:\/\/www.es-eventos.com\/ca\/wp-json\/wp\/v2\/comments?post=3611"}],"version-history":[{"count":1,"href":"https:\/\/www.es-eventos.com\/ca\/wp-json\/wp\/v2\/pages\/3611\/revisions"}],"predecessor-version":[{"id":3612,"href":"https:\/\/www.es-eventos.com\/ca\/wp-json\/wp\/v2\/pages\/3611\/revisions\/3612"}],"wp:attachment":[{"href":"https:\/\/www.es-eventos.com\/ca\/wp-json\/wp\/v2\/media?parent=3611"}],"curies":[{"name":"wp","href":"https:\/\/api.w.org\/{rel}","templated":true}]}}