{"id":3598,"date":"2021-10-14T15:46:36","date_gmt":"2021-10-14T13:46:36","guid":{"rendered":"https:\/\/www.es-eventos.com\/politica-de-privadesa\/"},"modified":"2026-04-29T14:34:44","modified_gmt":"2026-04-29T12:34:44","slug":"politica-de-privadesa","status":"publish","type":"page","link":"https:\/\/www.es-eventos.com\/ca\/politica-de-privadesa\/","title":{"rendered":"Pol\u00edtica de privadesa"},"content":{"rendered":"\t\t<div data-elementor-type=\"wp-page\" data-elementor-id=\"3598\" class=\"elementor elementor-3598 elementor-38\" data-elementor-post-type=\"page\">\n\t\t\t\t<div class=\"elementor-element elementor-element-f7951c3 e-flex e-con-boxed e-con e-parent\" data-id=\"f7951c3\" data-element_type=\"container\" data-e-type=\"container\">\n\t\t\t\t\t<div class=\"e-con-inner\">\n\t\t\t\t<div class=\"elementor-element elementor-element-84bfe24 elementor-widget elementor-widget-heading\" data-id=\"84bfe24\" data-element_type=\"widget\" data-e-type=\"widget\" data-widget_type=\"heading.default\">\n\t\t\t\t<div class=\"elementor-widget-container\">\n\t\t\t\t\t<h1 class=\"elementor-heading-title elementor-size-default\">POL\u00cdTICA DE PRIVACITAT<\/h1>\t\t\t\t<\/div>\n\t\t\t\t<\/div>\n\t\t\t\t<div class=\"elementor-element elementor-element-38da3dd elementor-widget elementor-widget-text-editor\" data-id=\"38da3dd\" data-element_type=\"widget\" data-e-type=\"widget\" data-widget_type=\"text-editor.default\">\n\t\t\t\t<div class=\"elementor-widget-container\">\n\t\t\t\t\t\t\t\t\t<div style=\"color: #000000; font-family: 'Segoe UI'; font-size: 14px; line-height: 20px;\"><h3>PROTECCI\u00d3 DE DADES PERSONALS<\/h3><p>A <strong>English Summer<\/strong> ens prenem molt seriosament la seguretat de tots els nostres clients, i les seves dades personals no s\u00f3n una excepci\u00f3.<\/p><p><strong>ENGLISH SUMMER, S.A.<\/strong>, titular de la marca <strong>ES EVENTOS<\/strong>, protegeix les dades personals segons l\u2019establert en el Reglament (UE) 2016\/679 del Parlament Europeu i del Consell, de 27 d\u2019abril de 2016 (RGPD), relatiu a la protecci\u00f3 de les persones f\u00edsiques pel que fa al tractament de dades personals i a la lliure circulaci\u00f3 d\u2019aquestes dades, amb l\u2019objectiu que es respectin els drets i llibertats fonamentals de les persones.<\/p><p>Les seves dades seran tractades amb la m\u00e0xima confidencialitat per gestionar la nostra relaci\u00f3 comercial i\/o informativa. Les dades es conservaran mentre sigui necessari per a la finalitat per a la qual van ser recollides o fins que se\u2019n sol\u00b7liciti la supressi\u00f3 mitjan\u00e7ant correu electr\u00f2nic a <strong>lopd@englishsummer.com<\/strong>, llevat que una disposici\u00f3 legal n\u2019exigeixi la conservaci\u00f3.<\/p><p>Pot presentar una reclamaci\u00f3 davant l\u2019autoritat de control competent (<strong>www.aepd.es<\/strong>) si considera que el tractament de les seves dades no s\u2019ajusta a la normativa vigent.<\/p><p><strong>ENGLISH SUMMER,\u00a0<\/strong><span style=\"font-weight: bolder;\">S.A<\/span><strong>.<\/strong> est\u00e0 legitimada per tractar les seves dades perqu\u00e8 s\u00f3n necess\u00e0ries per prestar el servei sol\u00b7licitat o b\u00e9 pel consentiment expr\u00e9s que ens atorga mitjan\u00e7ant els diferents formularis de contacte del web.<\/p><p>Les dades no se cediran a tercers, excepte en els casos en qu\u00e8 existeixi una obligaci\u00f3 legal.<\/p><p>Per exercir els drets d\u2019acc\u00e9s, rectificaci\u00f3, supressi\u00f3, portabilitat de les seves dades, aix\u00ed com la limitaci\u00f3 o oposici\u00f3 al seu tractament, pot dirigir-se per escrit a <strong>lopd@englishsummer.com<\/strong>.<\/p><p>Els Usuaris, mitjan\u00e7ant la marcaci\u00f3 de les caselles corresponents i la introducci\u00f3 de dades en els camps marcats amb un asterisc (*) en els formularis de contacte o desc\u00e0rrega, accepten expressament i de manera lliure i inequ\u00edvoca que les seves dades s\u00f3n necess\u00e0ries per atendre la seva sol\u00b7licitud. L\u2019Usuari garanteix que les dades personals facilitades s\u00f3n veraces i es responsabilitza de comunicar qualsevol modificaci\u00f3.<\/p><p><strong>ENGLISH SUMMER,\u00a0<\/strong><span style=\"font-weight: bolder;\">S.A<\/span><strong>.<\/strong> compleix amb totes les disposicions de la normativa vigent en mat\u00e8ria de protecci\u00f3 de dades personals i amb els principis descrits a l\u2019article 5 del RGPD, garantint un tractament l\u00edcit, lleial, transparent, adequat, pertinent i limitat a la finalitat corresponent.<\/p><p>Aix\u00ed mateix, <strong>ENGLISH SUMMER,\u00a0<\/strong><span style=\"font-weight: bolder;\">S.A<\/span><strong>.<\/strong> garanteix que ha implementat les mesures t\u00e8cniques i organitzatives necess\u00e0ries per protegir els drets i llibertats dels Usuaris i garantir-ne la seguretat.<\/p><hr \/><h3>CL\u00c0USULA ADDICIONAL \u2013 RECEPCI\u00d3 DE CV I OFERTES DE FEINA<\/h3><p>Les dades personals facilitades mitjan\u00e7ant l\u2019enviament de curr\u00edculums seran tractades amb la finalitat de mantenir-lo informat sobre possibles vacants laborals que es generin a <strong>ENGLISH SUMMER \/ ES EVENTOS<\/strong>.<\/p><p>Les dades es conservaran fins a l\u2019adjudicaci\u00f3 d\u2019un lloc de treball o fins que l\u2019interessat exerceixi el seu dret de supressi\u00f3. En qualsevol moment pot exercir els seus drets d\u2019acc\u00e9s, rectificaci\u00f3, supressi\u00f3, portabilitat, limitaci\u00f3 o oposici\u00f3 al tractament mitjan\u00e7ant comunicaci\u00f3 escrita a <strong>lopd@englishsummer.com<\/strong>.<\/p><p>Les dades no se cediran a tercers.<br \/>S\u2019han adoptat totes les mesures de seguretat exigides per la legislaci\u00f3 vigent.<\/p><p>Tamb\u00e9 t\u00e9 dret a presentar una reclamaci\u00f3 davant l\u2019autoritat de control competent (<strong>www.aepd.es<\/strong>) si considera que el tractament no s\u2019ajusta a la normativa vigent.<\/p><hr \/><h3>RESPONSABLE DEL TRACTAMENT<\/h3><p><strong>ENGLISH SUMMER,\u00a0<\/strong><span style=\"font-weight: bolder;\">S.A<\/span><strong>.<\/strong><br \/>Marca comercial: <strong>ES EVENTOS<\/strong><br \/>Webs: <strong>www.englishsummer.com<\/strong> \u2013 <strong>www.es-eventos.com<\/strong><br \/>Correu electr\u00f2nic: <strong>lopd@englishsummer.com<\/strong><\/p><hr \/><h3>POL\u00cdTICA DE COOKIES<\/h3><p><strong>ENGLISH SUMMER,\u00a0<\/strong><span style=\"font-weight: bolder;\">S.A<\/span><strong>.<\/strong> utilitza cookies pr\u00f2pies i de tercers \u00fanicament quan s\u00f3n necess\u00e0ries per al correcte funcionament del lloc web i per a l\u2019obtenci\u00f3 d\u2019estad\u00edstiques de navegaci\u00f3. Les cookies no recullen informaci\u00f3 personal que identifiqui l\u2019usuari ni accedeixen a dades del seu disc dur ni a cookies d\u2019altres prove\u00efdors.<\/p><p>L\u2019\u00fas de cookies t\u00e9 com a \u00fanica finalitat millorar l\u2019experi\u00e8ncia de navegaci\u00f3 i oferir un millor servei a l\u2019Usuari.<\/p><\/div>\t\t\t\t\t\t\t\t<\/div>\n\t\t\t\t<\/div>\n\t\t\t\t\t<\/div>\n\t\t\t\t<\/div>\n\t\t\t\t<\/div>\n\t\t","protected":false},"excerpt":{"rendered":"<p>POL\u00cdTICA DE PRIVACITAT PROTECCI\u00d3 DE DADES PERSONALS A English Summer ens prenem molt seriosament la seguretat de tots els nostres clients, i les seves dades personals no s\u00f3n una excepci\u00f3. ENGLISH SUMMER, S.A., titular de la marca ES EVENTOS, protegeix les dades personals segons l\u2019establert en el Reglament (UE) 2016\/679 del Parlament Europeu i del [&hellip;]<\/p>\n","protected":false},"author":3,"featured_media":0,"parent":0,"menu_order":0,"comment_status":"closed","ping_status":"open","template":"elementor_header_footer","meta":{"_acf_changed":false,"inline_featured_image":false,"footnotes":""},"class_list":["post-3598","page","type-page","status-publish","hentry"],"acf":[],"yoast_head":"<!-- This site is optimized with the Yoast SEO plugin v27.6 - https:\/\/yoast.com\/product\/yoast-seo-wordpress\/ -->\n<title>\u25b7Pol\u00edtica de privadesa - \u3010 ES Eventos \u3011<\/title>\n<meta name=\"description\" content=\"POL\u00cdTICA DE PRIVACITAT PROTECCI\u00d3 DE DADES PERSONALSA English Summer ens prenem molt seriosament la seguretat de tots els nostres clients, i les seves \u2713\" \/>\n<meta name=\"robots\" content=\"noindex, nofollow\" \/>\n<meta property=\"og:locale\" content=\"ca_ES\" \/>\n<meta property=\"og:type\" content=\"article\" \/>\n<meta property=\"og:title\" content=\"\u25b7Pol\u00edtica de privadesa - \u3010 ES Eventos \u3011\" \/>\n<meta property=\"og:description\" content=\"POL\u00cdTICA DE PRIVACITAT PROTECCI\u00d3 DE DADES PERSONALSA English Summer ens prenem molt seriosament la seguretat de tots els nostres clients, i les seves \u2713\" \/>\n<meta property=\"og:url\" content=\"https:\/\/www.es-eventos.com\/ca\/politica-de-privadesa\/\" \/>\n<meta property=\"og:site_name\" content=\"ES Eventos\" \/>\n<meta property=\"article:modified_time\" content=\"2026-04-29T12:34:44+00:00\" \/>\n<meta name=\"twitter:card\" content=\"summary_large_image\" \/>\n<meta name=\"twitter:label1\" content=\"Temps estimat de lectura\" \/>\n\t<meta name=\"twitter:data1\" content=\"4 minuts\" \/>\n<!-- \/ Yoast SEO plugin. -->","yoast_head_json":{"title":"\u25b7Pol\u00edtica de privadesa - \u3010 ES Eventos \u3011","description":"POL\u00cdTICA DE PRIVACITAT PROTECCI\u00d3 DE DADES PERSONALSA English Summer ens prenem molt seriosament la seguretat de tots els nostres clients, i les seves \u2713","robots":{"index":"noindex","follow":"nofollow"},"og_locale":"ca_ES","og_type":"article","og_title":"\u25b7Pol\u00edtica de privadesa - \u3010 ES Eventos \u3011","og_description":"POL\u00cdTICA DE PRIVACITAT PROTECCI\u00d3 DE DADES PERSONALSA English Summer ens prenem molt seriosament la seguretat de tots els nostres clients, i les seves \u2713","og_url":"https:\/\/www.es-eventos.com\/ca\/politica-de-privadesa\/","og_site_name":"ES Eventos","article_modified_time":"2026-04-29T12:34:44+00:00","twitter_card":"summary_large_image","twitter_misc":{"Temps estimat de lectura":"4 minuts"},"schema":{"@context":"https:\/\/schema.org","@graph":[{"@type":"WebPage","@id":"https:\/\/www.es-eventos.com\/ca\/politica-de-privadesa\/","url":"https:\/\/www.es-eventos.com\/ca\/politica-de-privadesa\/","name":"\u25b7Pol\u00edtica de privadesa - \u3010 ES Eventos \u3011","isPartOf":{"@id":"https:\/\/www.es-eventos.com\/#website"},"datePublished":"2021-10-14T13:46:36+00:00","dateModified":"2026-04-29T12:34:44+00:00","description":"POL\u00cdTICA DE PRIVACITAT PROTECCI\u00d3 DE DADES PERSONALSA English Summer ens prenem molt seriosament la seguretat de tots els nostres clients, i les seves \u2713","breadcrumb":{"@id":"https:\/\/www.es-eventos.com\/ca\/politica-de-privadesa\/#breadcrumb"},"inLanguage":"ca","potentialAction":[{"@type":"ReadAction","target":["https:\/\/www.es-eventos.com\/ca\/politica-de-privadesa\/"]}]},{"@type":"BreadcrumbList","@id":"https:\/\/www.es-eventos.com\/ca\/politica-de-privadesa\/#breadcrumb","itemListElement":[{"@type":"ListItem","position":1,"name":"Portada","item":"https:\/\/www.es-eventos.com\/ca\/inici\/"},{"@type":"ListItem","position":2,"name":"Pol\u00edtica de privadesa"}]},{"@type":"WebSite","@id":"https:\/\/www.es-eventos.com\/#website","url":"https:\/\/www.es-eventos.com\/","name":"ES Eventos","description":"Espacios \u00fanicos para momentos inolvidables","publisher":{"@id":"https:\/\/www.es-eventos.com\/#organization"},"potentialAction":[{"@type":"SearchAction","target":{"@type":"EntryPoint","urlTemplate":"https:\/\/www.es-eventos.com\/?s={search_term_string}"},"query-input":{"@type":"PropertyValueSpecification","valueRequired":true,"valueName":"search_term_string"}}],"inLanguage":"ca"},{"@type":"Organization","@id":"https:\/\/www.es-eventos.com\/#organization","name":"ES Eventos","url":"https:\/\/www.es-eventos.com\/","logo":{"@type":"ImageObject","inLanguage":"ca","@id":"https:\/\/www.es-eventos.com\/#\/schema\/logo\/image\/","url":"https:\/\/www.es-eventos.com\/wp-content\/uploads\/2021\/10\/logo_eseventos_black.png","contentUrl":"https:\/\/www.es-eventos.com\/wp-content\/uploads\/2021\/10\/logo_eseventos_black.png","width":2560,"height":655,"caption":"ES Eventos"},"image":{"@id":"https:\/\/www.es-eventos.com\/#\/schema\/logo\/image\/"}}]}},"_links":{"self":[{"href":"https:\/\/www.es-eventos.com\/ca\/wp-json\/wp\/v2\/pages\/3598","targetHints":{"allow":["GET"]}}],"collection":[{"href":"https:\/\/www.es-eventos.com\/ca\/wp-json\/wp\/v2\/pages"}],"about":[{"href":"https:\/\/www.es-eventos.com\/ca\/wp-json\/wp\/v2\/types\/page"}],"author":[{"embeddable":true,"href":"https:\/\/www.es-eventos.com\/ca\/wp-json\/wp\/v2\/users\/3"}],"replies":[{"embeddable":true,"href":"https:\/\/www.es-eventos.com\/ca\/wp-json\/wp\/v2\/comments?post=3598"}],"version-history":[{"count":7,"href":"https:\/\/www.es-eventos.com\/ca\/wp-json\/wp\/v2\/pages\/3598\/revisions"}],"predecessor-version":[{"id":4084,"href":"https:\/\/www.es-eventos.com\/ca\/wp-json\/wp\/v2\/pages\/3598\/revisions\/4084"}],"wp:attachment":[{"href":"https:\/\/www.es-eventos.com\/ca\/wp-json\/wp\/v2\/media?parent=3598"}],"curies":[{"name":"wp","href":"https:\/\/api.w.org\/{rel}","templated":true}]}}