{"id":3383,"date":"2026-04-07T16:43:47","date_gmt":"2026-04-07T14:43:47","guid":{"rendered":"https:\/\/www.es-eventos.com\/esdeveniments-corporatius\/immersions-en-angles-empreses\/"},"modified":"2026-04-24T10:48:37","modified_gmt":"2026-04-24T08:48:37","slug":"immersions-en-angles-empreses","status":"publish","type":"page","link":"https:\/\/www.es-eventos.com\/ca\/esdeveniments-corporatius\/immersions-en-angles-empreses\/","title":{"rendered":"Immersions en angl\u00e8s empreses"},"content":{"rendered":"\t\t<div data-elementor-type=\"wp-page\" data-elementor-id=\"3383\" class=\"elementor elementor-3383 elementor-2924\" data-elementor-post-type=\"page\">\n\t\t\t\t<div class=\"elementor-element elementor-element-65c71ed e-flex e-con-boxed e-con e-parent\" data-id=\"65c71ed\" data-element_type=\"container\" data-e-type=\"container\" data-settings=\"{&quot;background_background&quot;:&quot;classic&quot;}\">\n\t\t\t\t\t<div class=\"e-con-inner\">\n\t\t\t\t<div class=\"elementor-element elementor-element-3892918 upper elementor-widget elementor-widget-heading\" data-id=\"3892918\" data-element_type=\"widget\" data-e-type=\"widget\" data-widget_type=\"heading.default\">\n\t\t\t\t<div class=\"elementor-widget-container\">\n\t\t\t\t\t<h1 class=\"elementor-heading-title elementor-size-default\">Immersions en angl\u00e8s empreses\n<\/h1>\t\t\t\t<\/div>\n\t\t\t\t<\/div>\n\t\t\t\t<div class=\"elementor-element elementor-element-9d2ac5a elementor-widget__width-initial elementor-widget elementor-widget-heading\" data-id=\"9d2ac5a\" data-element_type=\"widget\" data-e-type=\"widget\" data-widget_type=\"heading.default\">\n\t\t\t\t<div class=\"elementor-widget-container\">\n\t\t\t\t\t<h2 class=\"elementor-heading-title elementor-size-default\">Dissenyem immersions en angl\u00e8s per a empreses que combinen formaci\u00f3 intensiva, conviv\u00e8ncia i activitats pr\u00e0ctiques en un entorn exclusiu.\n Una experi\u00e8ncia total que millora la flu\u00efdesa, la seguretat i la comunicaci\u00f3 professional en molt poc temps.<\/h2>\t\t\t\t<\/div>\n\t\t\t\t<\/div>\n\t\t\t\t<div class=\"elementor-element elementor-element-be40e8d upper elementor-align-center elementor-widget elementor-widget-button\" data-id=\"be40e8d\" data-element_type=\"widget\" data-e-type=\"widget\" data-widget_type=\"button.default\">\n\t\t\t\t<div class=\"elementor-widget-container\">\n\t\t\t\t\t\t\t\t\t<div class=\"elementor-button-wrapper\">\n\t\t\t\t\t<a class=\"elementor-button elementor-button-link elementor-size-sm\" href=\"#\">\n\t\t\t\t\t\t<span class=\"elementor-button-content-wrapper\">\n\t\t\t\t\t\t\t\t\t<span class=\"elementor-button-text\">Contacte<\/span>\n\t\t\t\t\t<\/span>\n\t\t\t\t\t<\/a>\n\t\t\t\t<\/div>\n\t\t\t\t\t\t\t\t<\/div>\n\t\t\t\t<\/div>\n\t\t\t\t\t<\/div>\n\t\t\t\t<\/div>\n\t\t<div class=\"elementor-element elementor-element-3a8a493 e-flex e-con-boxed e-con e-parent\" data-id=\"3a8a493\" data-element_type=\"container\" data-e-type=\"container\">\n\t\t\t\t\t<div class=\"e-con-inner\">\n\t\t<div class=\"elementor-element elementor-element-e1c4728 e-con-full e-flex e-con e-child\" data-id=\"e1c4728\" data-element_type=\"container\" data-e-type=\"container\">\n\t\t\t\t<div class=\"elementor-element elementor-element-b13ca25 elementor-widget elementor-widget-button\" data-id=\"b13ca25\" data-element_type=\"widget\" data-e-type=\"widget\" data-widget_type=\"button.default\">\n\t\t\t\t<div class=\"elementor-widget-container\">\n\t\t\t\t\t\t\t\t\t<div class=\"elementor-button-wrapper\">\n\t\t\t\t\t<a class=\"elementor-button elementor-button-link elementor-size-sm\" href=\"https:\/\/www.es-eventos.com\/ca\/esdeveniments-corporatius\/immersions-en-angles-empreses\/\">\n\t\t\t\t\t\t<span class=\"elementor-button-content-wrapper\">\n\t\t\t\t\t\t\t\t\t<span class=\"elementor-button-text\">Immersions en angl\u00e8s empreses<\/span>\n\t\t\t\t\t<\/span>\n\t\t\t\t\t<\/a>\n\t\t\t\t<\/div>\n\t\t\t\t\t\t\t\t<\/div>\n\t\t\t\t<\/div>\n\t\t\t\t<div class=\"elementor-element elementor-element-36e62a3 elementor-widget elementor-widget-button\" data-id=\"36e62a3\" data-element_type=\"widget\" data-e-type=\"widget\" data-widget_type=\"button.default\">\n\t\t\t\t<div class=\"elementor-widget-container\">\n\t\t\t\t\t\t\t\t\t<div class=\"elementor-button-wrapper\">\n\t\t\t\t\t<a class=\"elementor-button elementor-button-link elementor-size-sm\" href=\"https:\/\/www.es-eventos.com\/ca\/esdeveniments-corporatius\/campaments-per-a-empreses\/\">\n\t\t\t\t\t\t<span class=\"elementor-button-content-wrapper\">\n\t\t\t\t\t\t\t\t\t<span class=\"elementor-button-text\">Campaments per a empreses<\/span>\n\t\t\t\t\t<\/span>\n\t\t\t\t\t<\/a>\n\t\t\t\t<\/div>\n\t\t\t\t\t\t\t\t<\/div>\n\t\t\t\t<\/div>\n\t\t\t\t<div class=\"elementor-element elementor-element-999bff8 elementor-widget elementor-widget-button\" data-id=\"999bff8\" data-element_type=\"widget\" data-e-type=\"widget\" data-widget_type=\"button.default\">\n\t\t\t\t<div class=\"elementor-widget-container\">\n\t\t\t\t\t\t\t\t\t<div class=\"elementor-button-wrapper\">\n\t\t\t\t\t<a class=\"elementor-button elementor-button-link elementor-size-sm\" href=\"https:\/\/www.es-eventos.com\/ca\/esdeveniments-corporatius\/dinars-i-sopars\/\">\n\t\t\t\t\t\t<span class=\"elementor-button-content-wrapper\">\n\t\t\t\t\t\t\t\t\t<span class=\"elementor-button-text\">Dinars i Sopars<\/span>\n\t\t\t\t\t<\/span>\n\t\t\t\t\t<\/a>\n\t\t\t\t<\/div>\n\t\t\t\t\t\t\t\t<\/div>\n\t\t\t\t<\/div>\n\t\t\t\t<\/div>\n\t\t\t\t\t<\/div>\n\t\t\t\t<\/div>\n\t\t<div class=\"elementor-element elementor-element-3b7fabe e-flex e-con-boxed e-con e-parent\" data-id=\"3b7fabe\" data-element_type=\"container\" data-e-type=\"container\">\n\t\t\t\t\t<div class=\"e-con-inner\">\n\t\t\t\t<div class=\"elementor-element elementor-element-050244d elementor-widget__width-initial elementor-widget elementor-widget-heading\" data-id=\"050244d\" data-element_type=\"widget\" data-e-type=\"widget\" data-widget_type=\"heading.default\">\n\t\t\t\t<div class=\"elementor-widget-container\">\n\t\t\t\t\t<h2 class=\"elementor-heading-title elementor-size-default\">A la teva mida i amb tot all\u00f2 necessari per gaudir i connectar en equip.\n<\/h2>\t\t\t\t<\/div>\n\t\t\t\t<\/div>\n\t\t<div class=\"elementor-element elementor-element-eb6f374 e-con-full e-flex e-con e-child\" data-id=\"eb6f374\" data-element_type=\"container\" data-e-type=\"container\">\n\t\t<div class=\"elementor-element elementor-element-b0b43a3 e-con-full e-flex e-con e-child\" data-id=\"b0b43a3\" data-element_type=\"container\" data-e-type=\"container\">\n\t\t\t\t<div class=\"elementor-element elementor-element-5a2b88d elementor-widget elementor-widget-heading\" data-id=\"5a2b88d\" data-element_type=\"widget\" data-e-type=\"widget\" data-widget_type=\"heading.default\">\n\t\t\t\t<div class=\"elementor-widget-container\">\n\t\t\t\t\t<h3 class=\"elementor-heading-title elementor-size-default\">Sou una empresa i voleu organitzar una immersi\u00f3 en angl\u00e8s per al vostre equip?<\/h3>\t\t\t\t<\/div>\n\t\t\t\t<\/div>\n\t\t\t\t<div class=\"elementor-element elementor-element-4d815b5 elementor-widget elementor-widget-text-editor\" data-id=\"4d815b5\" data-element_type=\"widget\" data-e-type=\"widget\" data-widget_type=\"text-editor.default\">\n\t\t\t\t<div class=\"elementor-widget-container\">\n\t\t\t\t\t\t\t\t\t<p><style>\na {<br\/>\n    text-decoration: none;<br\/>\n    color: #464feb;<br\/>\n}<br\/>\ntr th, tr td {<br\/>\n    border: 1px solid #e6e6e6;<br\/>\n}<br\/>\ntr th {<br\/>\n    background-color: #f5f5f5;<br\/>\n}<br\/>\n<\/style><\/p><div><p>Gaudeix d&#8217;una <strong>immersi\u00f3 completa en angl\u00e8s durant els dies que vulguin.<\/strong><\/p><p>Els participants s&#8217;allotgen al nostre centre, dissenyat espec\u00edficament per <strong>afavorir la pr\u00e0ctica constant de l&#8217;idioma<\/strong> , creant un entorn propici per aprendre i comunicar-se en angl\u00e8s en tot moment.<\/p><p>L&#8217;aprenentatge s&#8217;integra a cada moment del dia, des de l&#8217;esmorzar fins a la nit, mitjan\u00e7ant un <strong>programa personalitzat<\/strong> enfocat a assolir objectius concrets en el menor temps possible.<\/p><p><style>\na {\n    text-decoration: none;\n    color: #464feb;\n}\ntr th, tr td {\n    border: 1px solid #e6e6e6;\n}\ntr th {\n    background-color: #f5f5f5;\n}\n<\/style><\/p><div>El programa \u00e9s <strong>presencial i one-to-one<\/strong> , inclou <strong>allotjament al mateix recinte<\/strong> , <strong>pensi\u00f3 completa<\/strong> , <strong>sales totalment equipades<\/strong> per a sessions formatives i <strong>instal\u00b7lacions esportives<\/strong> , oferint un entorn complet i exclusiu que facilita resultats reals i mesurables en un curt termini.<\/div><\/div>\t\t\t\t\t\t\t\t<\/div>\n\t\t\t\t<\/div>\n\t\t\t\t<\/div>\n\t\t<div class=\"elementor-element elementor-element-46e60c2 e-con-full e-flex e-con e-child\" data-id=\"46e60c2\" data-element_type=\"container\" data-e-type=\"container\" data-settings=\"{&quot;background_background&quot;:&quot;classic&quot;}\">\n\t\t\t\t<\/div>\n\t\t\t\t<\/div>\n\t\t\t\t\t<\/div>\n\t\t\t\t<\/div>\n\t\t<div class=\"elementor-element elementor-element-337ceba e-flex e-con-boxed e-con e-parent\" data-id=\"337ceba\" data-element_type=\"container\" data-e-type=\"container\" data-settings=\"{&quot;background_background&quot;:&quot;classic&quot;}\">\n\t\t\t\t\t<div class=\"e-con-inner\">\n\t\t\t\t<div class=\"elementor-element elementor-element-e6aa55c elementor-widget elementor-widget-heading\" data-id=\"e6aa55c\" data-element_type=\"widget\" data-e-type=\"widget\" data-widget_type=\"heading.default\">\n\t\t\t\t<div class=\"elementor-widget-container\">\n\t\t\t\t\t<h2 class=\"elementor-heading-title elementor-size-default\">Qu\u00e8 us oferim?<\/h2>\t\t\t\t<\/div>\n\t\t\t\t<\/div>\n\t\t<div class=\"elementor-element elementor-element-d53247c e-con-full e-flex e-con e-child\" data-id=\"d53247c\" data-element_type=\"container\" data-e-type=\"container\">\n\t\t<div class=\"elementor-element elementor-element-730b2f4 e-con-full e-flex e-con e-child\" data-id=\"730b2f4\" data-element_type=\"container\" data-e-type=\"container\">\n\t\t\t\t<div class=\"elementor-element elementor-element-9d4d6bf elementor-icon-list--layout-traditional elementor-list-item-link-full_width elementor-widget elementor-widget-icon-list\" data-id=\"9d4d6bf\" data-element_type=\"widget\" data-e-type=\"widget\" data-widget_type=\"icon-list.default\">\n\t\t\t\t<div class=\"elementor-widget-container\">\n\t\t\t\t\t\t\t<ul class=\"elementor-icon-list-items\">\n\t\t\t\t\t\t\t<li class=\"elementor-icon-list-item\">\n\t\t\t\t\t\t\t\t\t\t\t<span class=\"elementor-icon-list-icon\">\n\t\t\t\t\t\t\t<i aria-hidden=\"true\" class=\"fas fa-check\"><\/i>\t\t\t\t\t\t<\/span>\n\t\t\t\t\t\t\t\t\t\t<span class=\"elementor-icon-list-text\">  Programes d'immersi\u00f3 en angl\u00e8s a mida per a empreses, adaptables des de 1 o 2 dies fins a estades de 1 setmanes<\/span>\n\t\t\t\t\t\t\t\t\t<\/li>\n\t\t\t\t\t\t\t\t<li class=\"elementor-icon-list-item\">\n\t\t\t\t\t\t\t\t\t\t\t<span class=\"elementor-icon-list-icon\">\n\t\t\t\t\t\t\t<i aria-hidden=\"true\" class=\"fas fa-check\"><\/i>\t\t\t\t\t\t<\/span>\n\t\t\t\t\t\t\t\t\t\t<span class=\"elementor-icon-list-text\">5 instal\u00b7lacions en entorns naturals, disponibles en exclusivitat per a la teva empresa<\/span>\n\t\t\t\t\t\t\t\t\t<\/li>\n\t\t\t\t\t\t\t\t<li class=\"elementor-icon-list-item\">\n\t\t\t\t\t\t\t\t\t\t\t<span class=\"elementor-icon-list-icon\">\n\t\t\t\t\t\t\t<i aria-hidden=\"true\" class=\"fas fa-check\"><\/i>\t\t\t\t\t\t<\/span>\n\t\t\t\t\t\t\t\t\t\t<span class=\"elementor-icon-list-text\">  Formaci\u00f3 orientada a objectius professionals, ideal per a comunicaci\u00f3, reunions, presentacions i treball en equip<\/span>\n\t\t\t\t\t\t\t\t\t<\/li>\n\t\t\t\t\t\t\t\t<li class=\"elementor-icon-list-item\">\n\t\t\t\t\t\t\t\t\t\t\t<span class=\"elementor-icon-list-icon\">\n\t\t\t\t\t\t\t<i aria-hidden=\"true\" class=\"fas fa-check\"><\/i>\t\t\t\t\t\t<\/span>\n\t\t\t\t\t\t\t\t\t\t<span class=\"elementor-icon-list-text\">  Capacitat per a grups de 30 a 230 persones<\/span>\n\t\t\t\t\t\t\t\t\t<\/li>\n\t\t\t\t\t\t<\/ul>\n\t\t\t\t\t\t<\/div>\n\t\t\t\t<\/div>\n\t\t\t\t<\/div>\n\t\t<div class=\"elementor-element elementor-element-c1ec0f4 e-con-full e-flex e-con e-child\" data-id=\"c1ec0f4\" data-element_type=\"container\" data-e-type=\"container\">\n\t\t\t\t<div class=\"elementor-element elementor-element-d3ab919 elementor-icon-list--layout-traditional elementor-list-item-link-full_width elementor-widget elementor-widget-icon-list\" data-id=\"d3ab919\" data-element_type=\"widget\" data-e-type=\"widget\" data-widget_type=\"icon-list.default\">\n\t\t\t\t<div class=\"elementor-widget-container\">\n\t\t\t\t\t\t\t<ul class=\"elementor-icon-list-items\">\n\t\t\t\t\t\t\t<li class=\"elementor-icon-list-item\">\n\t\t\t\t\t\t\t\t\t\t\t<span class=\"elementor-icon-list-icon\">\n\t\t\t\t\t\t\t<i aria-hidden=\"true\" class=\"fas fa-check\"><\/i>\t\t\t\t\t\t<\/span>\n\t\t\t\t\t\t\t\t\t\t<span class=\"elementor-icon-list-text\">  Allotjament al mateix recinte amb habitacions totalment equipades i servei de pensi\u00f3 completa.<\/span>\n\t\t\t\t\t\t\t\t\t<\/li>\n\t\t\t\t\t\t\t\t<li class=\"elementor-icon-list-item\">\n\t\t\t\t\t\t\t\t\t\t\t<span class=\"elementor-icon-list-icon\">\n\t\t\t\t\t\t\t<i aria-hidden=\"true\" class=\"fas fa-check\"><\/i>\t\t\t\t\t\t<\/span>\n\t\t\t\t\t\t\t\t\t\t<span class=\"elementor-icon-list-text\">Professorat nadiu o espanyol amb nivell docent, integrant l'angl\u00e8s a sessions formatives, activitats i conviv\u00e8ncia di\u00e0ria, amb sales equipades amb TV i Wi\u2011Fi<\/span>\n\t\t\t\t\t\t\t\t\t<\/li>\n\t\t\t\t\t\t\t\t<li class=\"elementor-icon-list-item\">\n\t\t\t\t\t\t\t\t\t\t\t<span class=\"elementor-icon-list-icon\">\n\t\t\t\t\t\t\t<i aria-hidden=\"true\" class=\"fas fa-check\"><\/i>\t\t\t\t\t\t<\/span>\n\t\t\t\t\t\t\t\t\t\t<span class=\"elementor-icon-list-text\">Equip professional especialitzat, amb \u00e0mplia experi\u00e8ncia a campaments d'estiu English Summer.<\/span>\n\t\t\t\t\t\t\t\t\t<\/li>\n\t\t\t\t\t\t\t\t<li class=\"elementor-icon-list-item\">\n\t\t\t\t\t\t\t\t\t\t\t<span class=\"elementor-icon-list-icon\">\n\t\t\t\t\t\t\t<i aria-hidden=\"true\" class=\"fas fa-check\"><\/i>\t\t\t\t\t\t<\/span>\n\t\t\t\t\t\t\t\t\t\t<span class=\"elementor-icon-list-text\">Instal\u00b7lacions esportives, activitats experiencials i espais de lleure, que reforcen l'aprenentatge i la cohesi\u00f3 del grup<\/span>\n\t\t\t\t\t\t\t\t\t<\/li>\n\t\t\t\t\t\t<\/ul>\n\t\t\t\t\t\t<\/div>\n\t\t\t\t<\/div>\n\t\t\t\t<\/div>\n\t\t\t\t<\/div>\n\t\t\t\t\t<\/div>\n\t\t\t\t<\/div>\n\t\t<div class=\"elementor-element elementor-element-1147d9d e-flex e-con-boxed e-con e-parent\" data-id=\"1147d9d\" data-element_type=\"container\" data-e-type=\"container\">\n\t\t\t\t\t<div class=\"e-con-inner\">\n\t\t\t\t<div class=\"elementor-element elementor-element-9b50930 elementor-widget elementor-widget-template\" data-id=\"9b50930\" data-element_type=\"widget\" data-e-type=\"widget\" data-widget_type=\"template.default\">\n\t\t\t\t<div class=\"elementor-widget-container\">\n\t\t\t\t\t\t\t<div class=\"elementor-template\">\n\t\t\t\t\t<div data-elementor-type=\"container\" data-elementor-id=\"3090\" class=\"elementor elementor-3090 elementor-1371 elementor-1371\" data-elementor-post-type=\"elementor_library\">\n\t\t\t\t<div class=\"elementor-element elementor-element-6f08bc2 e-flex e-con-boxed e-con e-parent\" data-id=\"6f08bc2\" data-element_type=\"container\" data-e-type=\"container\">\n\t\t\t\t\t<div class=\"e-con-inner\">\n\t\t<div class=\"elementor-element elementor-element-f3efa0b e-con-full e-flex e-con e-child\" data-id=\"f3efa0b\" data-element_type=\"container\" data-e-type=\"container\">\n\t\t\t\t<div class=\"elementor-element elementor-element-4df3b5a elementor-widget elementor-widget-heading\" data-id=\"4df3b5a\" data-element_type=\"widget\" data-e-type=\"widget\" data-widget_type=\"heading.default\">\n\t\t\t\t<div class=\"elementor-widget-container\">\n\t\t\t\t\t<h3 class=\"elementor-heading-title elementor-size-default\">Parlem sobre el teu esdeveniment?<\/h3>\t\t\t\t<\/div>\n\t\t\t\t<\/div>\n\t\t\t\t<div class=\"elementor-element elementor-element-36a3d91 elementor-widget elementor-widget-heading\" data-id=\"36a3d91\" data-element_type=\"widget\" data-e-type=\"widget\" data-widget_type=\"heading.default\">\n\t\t\t\t<div class=\"elementor-widget-container\">\n\t\t\t\t\t<h3 class=\"elementor-heading-title elementor-size-default\">Explica'ns qu\u00e8 est\u00e0s buscant i t'ajudarem a trobar l'espai i els serveis que encaixin millor amb tu.<\/h3>\t\t\t\t<\/div>\n\t\t\t\t<\/div>\n\t\t\t\t<\/div>\n\t\t\t\t<div class=\"elementor-element elementor-element-c24334f elementor-widget elementor-widget-button\" data-id=\"c24334f\" data-element_type=\"widget\" data-e-type=\"widget\" data-widget_type=\"button.default\">\n\t\t\t\t<div class=\"elementor-widget-container\">\n\t\t\t\t\t\t\t\t\t<div class=\"elementor-button-wrapper\">\n\t\t\t\t\t<a class=\"elementor-button elementor-button-link elementor-size-sm\" href=\"https:\/\/www.es-eventos.com\/ca\/contacte\/\">\n\t\t\t\t\t\t<span class=\"elementor-button-content-wrapper\">\n\t\t\t\t\t\t\t\t\t<span class=\"elementor-button-text\">CONTACTA'NS<\/span>\n\t\t\t\t\t<\/span>\n\t\t\t\t\t<\/a>\n\t\t\t\t<\/div>\n\t\t\t\t\t\t\t\t<\/div>\n\t\t\t\t<\/div>\n\t\t\t\t\t<\/div>\n\t\t\t\t<\/div>\n\t\t\t\t<\/div>\n\t\t\t\t<\/div>\n\t\t\t\t\t\t<\/div>\n\t\t\t\t<\/div>\n\t\t\t\t\t<\/div>\n\t\t\t\t<\/div>\n\t\t\t\t<\/div>\n\t\t","protected":false},"excerpt":{"rendered":"<p>Immersions en angl\u00e8s empreses Dissenyem immersions en angl\u00e8s per a empreses que combinen formaci\u00f3 intensiva, conviv\u00e8ncia i activitats pr\u00e0ctiques en un entorn exclusiu. Una experi\u00e8ncia total que millora la flu\u00efdesa, la seguretat i la comunicaci\u00f3 professional en molt poc temps. Contacte Immersions en angl\u00e8s empreses Campaments per a empreses Dinars i Sopars A la teva [&hellip;]<\/p>\n","protected":false},"author":8,"featured_media":0,"parent":3346,"menu_order":0,"comment_status":"closed","ping_status":"closed","template":"","meta":{"_acf_changed":false,"inline_featured_image":false,"footnotes":""},"class_list":["post-3383","page","type-page","status-publish","hentry"],"acf":[],"yoast_head":"<!-- This site is optimized with the Yoast SEO plugin v27.6 - https:\/\/yoast.com\/product\/yoast-seo-wordpress\/ -->\n<title>\u25b7Immersions en angl\u00e8s empreses - \u3010 ES Eventos \u3011<\/title>\n<meta name=\"description\" content=\"Immersions en angl\u00e8s empreses Dissenyem immersions en angl\u00e8s per a empreses que combinen formaci\u00f3 intensiva, conviv\u00e8ncia i activitats pr\u00e0ctiques en un \u2713\" \/>\n<meta name=\"robots\" content=\"noindex, follow, max-snippet:-1, max-image-preview:large, max-video-preview:-1\" \/>\n<meta property=\"og:locale\" content=\"ca_ES\" \/>\n<meta property=\"og:type\" content=\"article\" \/>\n<meta property=\"og:title\" content=\"\u25b7Immersions en angl\u00e8s empreses - \u3010 ES Eventos \u3011\" \/>\n<meta property=\"og:description\" content=\"Immersions en angl\u00e8s empreses Dissenyem immersions en angl\u00e8s per a empreses que combinen formaci\u00f3 intensiva, conviv\u00e8ncia i activitats pr\u00e0ctiques en un \u2713\" \/>\n<meta property=\"og:url\" content=\"https:\/\/www.es-eventos.com\/ca\/esdeveniments-corporatius\/immersions-en-angles-empreses\/\" \/>\n<meta property=\"og:site_name\" content=\"ES Eventos\" \/>\n<meta property=\"article:modified_time\" content=\"2026-04-24T08:48:37+00:00\" \/>\n<meta name=\"twitter:card\" content=\"summary_large_image\" \/>\n<meta name=\"twitter:label1\" content=\"Temps estimat de lectura\" \/>\n\t<meta name=\"twitter:data1\" content=\"2 minuts\" \/>\n<!-- \/ Yoast SEO plugin. -->","yoast_head_json":{"title":"\u25b7Immersions en angl\u00e8s empreses - \u3010 ES Eventos \u3011","description":"Immersions en angl\u00e8s empreses Dissenyem immersions en angl\u00e8s per a empreses que combinen formaci\u00f3 intensiva, conviv\u00e8ncia i activitats pr\u00e0ctiques en un \u2713","robots":{"index":"noindex","follow":"follow","max-snippet":"max-snippet:-1","max-image-preview":"max-image-preview:large","max-video-preview":"max-video-preview:-1"},"og_locale":"ca_ES","og_type":"article","og_title":"\u25b7Immersions en angl\u00e8s empreses - \u3010 ES Eventos \u3011","og_description":"Immersions en angl\u00e8s empreses Dissenyem immersions en angl\u00e8s per a empreses que combinen formaci\u00f3 intensiva, conviv\u00e8ncia i activitats pr\u00e0ctiques en un \u2713","og_url":"https:\/\/www.es-eventos.com\/ca\/esdeveniments-corporatius\/immersions-en-angles-empreses\/","og_site_name":"ES Eventos","article_modified_time":"2026-04-24T08:48:37+00:00","twitter_card":"summary_large_image","twitter_misc":{"Temps estimat de lectura":"2 minuts"},"schema":{"@context":"https:\/\/schema.org","@graph":[{"@type":"WebPage","@id":"https:\/\/www.es-eventos.com\/ca\/esdeveniments-corporatius\/immersions-en-angles-empreses\/","url":"https:\/\/www.es-eventos.com\/ca\/esdeveniments-corporatius\/immersions-en-angles-empreses\/","name":"\u25b7Immersions en angl\u00e8s empreses - \u3010 ES Eventos \u3011","isPartOf":{"@id":"https:\/\/www.es-eventos.com\/#website"},"datePublished":"2026-04-07T14:43:47+00:00","dateModified":"2026-04-24T08:48:37+00:00","description":"Immersions en angl\u00e8s empreses Dissenyem immersions en angl\u00e8s per a empreses que combinen formaci\u00f3 intensiva, conviv\u00e8ncia i activitats pr\u00e0ctiques en un \u2713","breadcrumb":{"@id":"https:\/\/www.es-eventos.com\/ca\/esdeveniments-corporatius\/immersions-en-angles-empreses\/#breadcrumb"},"inLanguage":"ca","potentialAction":[{"@type":"ReadAction","target":["https:\/\/www.es-eventos.com\/ca\/esdeveniments-corporatius\/immersions-en-angles-empreses\/"]}]},{"@type":"BreadcrumbList","@id":"https:\/\/www.es-eventos.com\/ca\/esdeveniments-corporatius\/immersions-en-angles-empreses\/#breadcrumb","itemListElement":[{"@type":"ListItem","position":1,"name":"Portada","item":"https:\/\/www.es-eventos.com\/ca\/inici\/"},{"@type":"ListItem","position":2,"name":"Esdeveniments Corporatius","item":"https:\/\/www.es-eventos.com\/ca\/esdeveniments-corporatius\/"},{"@type":"ListItem","position":3,"name":"Immersions en angl\u00e8s empreses"}]},{"@type":"WebSite","@id":"https:\/\/www.es-eventos.com\/#website","url":"https:\/\/www.es-eventos.com\/","name":"ES Eventos","description":"Espacios \u00fanicos para momentos inolvidables","publisher":{"@id":"https:\/\/www.es-eventos.com\/#organization"},"potentialAction":[{"@type":"SearchAction","target":{"@type":"EntryPoint","urlTemplate":"https:\/\/www.es-eventos.com\/?s={search_term_string}"},"query-input":{"@type":"PropertyValueSpecification","valueRequired":true,"valueName":"search_term_string"}}],"inLanguage":"ca"},{"@type":"Organization","@id":"https:\/\/www.es-eventos.com\/#organization","name":"ES Eventos","url":"https:\/\/www.es-eventos.com\/","logo":{"@type":"ImageObject","inLanguage":"ca","@id":"https:\/\/www.es-eventos.com\/#\/schema\/logo\/image\/","url":"https:\/\/www.es-eventos.com\/wp-content\/uploads\/2021\/10\/logo_eseventos_black.png","contentUrl":"https:\/\/www.es-eventos.com\/wp-content\/uploads\/2021\/10\/logo_eseventos_black.png","width":2560,"height":655,"caption":"ES Eventos"},"image":{"@id":"https:\/\/www.es-eventos.com\/#\/schema\/logo\/image\/"}}]}},"_links":{"self":[{"href":"https:\/\/www.es-eventos.com\/ca\/wp-json\/wp\/v2\/pages\/3383","targetHints":{"allow":["GET"]}}],"collection":[{"href":"https:\/\/www.es-eventos.com\/ca\/wp-json\/wp\/v2\/pages"}],"about":[{"href":"https:\/\/www.es-eventos.com\/ca\/wp-json\/wp\/v2\/types\/page"}],"author":[{"embeddable":true,"href":"https:\/\/www.es-eventos.com\/ca\/wp-json\/wp\/v2\/users\/8"}],"replies":[{"embeddable":true,"href":"https:\/\/www.es-eventos.com\/ca\/wp-json\/wp\/v2\/comments?post=3383"}],"version-history":[{"count":1,"href":"https:\/\/www.es-eventos.com\/ca\/wp-json\/wp\/v2\/pages\/3383\/revisions"}],"predecessor-version":[{"id":3386,"href":"https:\/\/www.es-eventos.com\/ca\/wp-json\/wp\/v2\/pages\/3383\/revisions\/3386"}],"up":[{"embeddable":true,"href":"https:\/\/www.es-eventos.com\/ca\/wp-json\/wp\/v2\/pages\/3346"}],"wp:attachment":[{"href":"https:\/\/www.es-eventos.com\/ca\/wp-json\/wp\/v2\/media?parent=3383"}],"curies":[{"name":"wp","href":"https:\/\/api.w.org\/{rel}","templated":true}]}}