{"id":3042,"date":"2026-04-07T15:40:30","date_gmt":"2026-04-07T13:40:30","guid":{"rendered":"https:\/\/www.es-eventos.com\/dinars-i-sopars\/"},"modified":"2026-04-24T10:48:06","modified_gmt":"2026-04-24T08:48:06","slug":"dinars-i-sopars","status":"publish","type":"page","link":"https:\/\/www.es-eventos.com\/ca\/esdeveniments-corporatius\/dinars-i-sopars\/","title":{"rendered":"Dinars i Sopars"},"content":{"rendered":"\t\t<div data-elementor-type=\"wp-page\" data-elementor-id=\"3042\" class=\"elementor elementor-3042 elementor-2892\" data-elementor-post-type=\"page\">\n\t\t\t\t<div class=\"elementor-element elementor-element-65c71ed e-flex e-con-boxed e-con e-parent\" data-id=\"65c71ed\" data-element_type=\"container\" data-e-type=\"container\" data-settings=\"{&quot;background_background&quot;:&quot;classic&quot;}\">\n\t\t\t\t\t<div class=\"e-con-inner\">\n\t\t\t\t<div class=\"elementor-element elementor-element-3892918 upper elementor-widget elementor-widget-heading\" data-id=\"3892918\" data-element_type=\"widget\" data-e-type=\"widget\" data-widget_type=\"heading.default\">\n\t\t\t\t<div class=\"elementor-widget-container\">\n\t\t\t\t\t<h1 class=\"elementor-heading-title elementor-size-default\">DINAR I SOPARS corporatius<\/h1>\t\t\t\t<\/div>\n\t\t\t\t<\/div>\n\t\t\t\t<div class=\"elementor-element elementor-element-9d2ac5a elementor-widget__width-initial elementor-widget elementor-widget-heading\" data-id=\"9d2ac5a\" data-element_type=\"widget\" data-e-type=\"widget\" data-widget_type=\"heading.default\">\n\t\t\t\t<div class=\"elementor-widget-container\">\n\t\t\t\t\t<h2 class=\"elementor-heading-title elementor-size-default\">Dissenyem dinars i sopars corporatius pensats per a empreses que busquen tenir cura dels detalls: espais \u00fanics, envoltats de natura, una gastronomia de qualitat i un equip professional que s'encarrega de tot perqu\u00e8 el vostre esdeveniment sigui un \u00e8xit.<\/h2>\t\t\t\t<\/div>\n\t\t\t\t<\/div>\n\t\t\t\t<div class=\"elementor-element elementor-element-be40e8d upper elementor-align-center elementor-widget elementor-widget-button\" data-id=\"be40e8d\" data-element_type=\"widget\" data-e-type=\"widget\" data-widget_type=\"button.default\">\n\t\t\t\t<div class=\"elementor-widget-container\">\n\t\t\t\t\t\t\t\t\t<div class=\"elementor-button-wrapper\">\n\t\t\t\t\t<a class=\"elementor-button elementor-button-link elementor-size-sm\" href=\"#\">\n\t\t\t\t\t\t<span class=\"elementor-button-content-wrapper\">\n\t\t\t\t\t\t\t\t\t<span class=\"elementor-button-text\">Contacte<\/span>\n\t\t\t\t\t<\/span>\n\t\t\t\t\t<\/a>\n\t\t\t\t<\/div>\n\t\t\t\t\t\t\t\t<\/div>\n\t\t\t\t<\/div>\n\t\t\t\t\t<\/div>\n\t\t\t\t<\/div>\n\t\t<div class=\"elementor-element elementor-element-3a8a493 e-flex e-con-boxed e-con e-parent\" data-id=\"3a8a493\" data-element_type=\"container\" data-e-type=\"container\">\n\t\t\t\t\t<div class=\"e-con-inner\">\n\t\t<div class=\"elementor-element elementor-element-e1c4728 e-con-full e-flex e-con e-child\" data-id=\"e1c4728\" data-element_type=\"container\" data-e-type=\"container\">\n\t\t\t\t<div class=\"elementor-element elementor-element-b13ca25 elementor-widget elementor-widget-button\" data-id=\"b13ca25\" data-element_type=\"widget\" data-e-type=\"widget\" data-widget_type=\"button.default\">\n\t\t\t\t<div class=\"elementor-widget-container\">\n\t\t\t\t\t\t\t\t\t<div class=\"elementor-button-wrapper\">\n\t\t\t\t\t<a class=\"elementor-button elementor-button-link elementor-size-sm\" href=\"https:\/\/www.es-eventos.com\/ca\/esdeveniments-corporatius\/immersions-en-angles-empreses\/\">\n\t\t\t\t\t\t<span class=\"elementor-button-content-wrapper\">\n\t\t\t\t\t\t\t\t\t<span class=\"elementor-button-text\">Immersions en angl\u00e8s<\/span>\n\t\t\t\t\t<\/span>\n\t\t\t\t\t<\/a>\n\t\t\t\t<\/div>\n\t\t\t\t\t\t\t\t<\/div>\n\t\t\t\t<\/div>\n\t\t\t\t<div class=\"elementor-element elementor-element-36e62a3 elementor-widget elementor-widget-button\" data-id=\"36e62a3\" data-element_type=\"widget\" data-e-type=\"widget\" data-widget_type=\"button.default\">\n\t\t\t\t<div class=\"elementor-widget-container\">\n\t\t\t\t\t\t\t\t\t<div class=\"elementor-button-wrapper\">\n\t\t\t\t\t<a class=\"elementor-button elementor-button-link elementor-size-sm\" href=\"https:\/\/www.es-eventos.com\/ca\/esdeveniments-corporatius\/campaments-per-a-empreses\/\">\n\t\t\t\t\t\t<span class=\"elementor-button-content-wrapper\">\n\t\t\t\t\t\t\t\t\t<span class=\"elementor-button-text\">Campaments per a empreses<\/span>\n\t\t\t\t\t<\/span>\n\t\t\t\t\t<\/a>\n\t\t\t\t<\/div>\n\t\t\t\t\t\t\t\t<\/div>\n\t\t\t\t<\/div>\n\t\t\t\t<div class=\"elementor-element elementor-element-999bff8 elementor-widget elementor-widget-button\" data-id=\"999bff8\" data-element_type=\"widget\" data-e-type=\"widget\" data-widget_type=\"button.default\">\n\t\t\t\t<div class=\"elementor-widget-container\">\n\t\t\t\t\t\t\t\t\t<div class=\"elementor-button-wrapper\">\n\t\t\t\t\t<a class=\"elementor-button elementor-button-link elementor-size-sm\" href=\"https:\/\/www.es-eventos.com\/ca\/esdeveniments-corporatius\/dinars-i-sopars\/\">\n\t\t\t\t\t\t<span class=\"elementor-button-content-wrapper\">\n\t\t\t\t\t\t\t\t\t<span class=\"elementor-button-text\">Dinars i Sopars corporatius<\/span>\n\t\t\t\t\t<\/span>\n\t\t\t\t\t<\/a>\n\t\t\t\t<\/div>\n\t\t\t\t\t\t\t\t<\/div>\n\t\t\t\t<\/div>\n\t\t\t\t<\/div>\n\t\t\t\t\t<\/div>\n\t\t\t\t<\/div>\n\t\t<div class=\"elementor-element elementor-element-3b7fabe e-flex e-con-boxed e-con e-parent\" data-id=\"3b7fabe\" data-element_type=\"container\" data-e-type=\"container\">\n\t\t\t\t\t<div class=\"e-con-inner\">\n\t\t\t\t<div class=\"elementor-element elementor-element-050244d elementor-widget__width-initial elementor-widget elementor-widget-heading\" data-id=\"050244d\" data-element_type=\"widget\" data-e-type=\"widget\" data-widget_type=\"heading.default\">\n\t\t\t\t<div class=\"elementor-widget-container\">\n\t\t\t\t\t<h2 class=\"elementor-heading-title elementor-size-default\">A la teva mida i amb tot all\u00f2 necessari per gaudir i connectar en equip.\n<\/h2>\t\t\t\t<\/div>\n\t\t\t\t<\/div>\n\t\t<div class=\"elementor-element elementor-element-eb6f374 e-con-full e-flex e-con e-child\" data-id=\"eb6f374\" data-element_type=\"container\" data-e-type=\"container\">\n\t\t<div class=\"elementor-element elementor-element-b0b43a3 e-con-full e-flex e-con e-child\" data-id=\"b0b43a3\" data-element_type=\"container\" data-e-type=\"container\">\n\t\t\t\t<div class=\"elementor-element elementor-element-5a2b88d elementor-widget elementor-widget-heading\" data-id=\"5a2b88d\" data-element_type=\"widget\" data-e-type=\"widget\" data-widget_type=\"heading.default\">\n\t\t\t\t<div class=\"elementor-widget-container\">\n\t\t\t\t\t<h3 class=\"elementor-heading-title elementor-size-default\">Busques un sopar pel teu equip i amb allotjament?<\/h3>\t\t\t\t<\/div>\n\t\t\t\t<\/div>\n\t\t\t\t<div class=\"elementor-element elementor-element-4d815b5 elementor-widget elementor-widget-text-editor\" data-id=\"4d815b5\" data-element_type=\"widget\" data-e-type=\"widget\" data-widget_type=\"text-editor.default\">\n\t\t\t\t<div class=\"elementor-widget-container\">\n\t\t\t\t\t\t\t\t\t<p><style>\na {\n    text-decoration: none;\n    color: #464feb;\n}\ntr th, tr td {\n    border: 1px solid #e6e6e6;\n}\ntr th {\n    background-color: #f5f5f5;\n}\n<\/style><\/p>\n<div>\n<p>Oferim una proposta completa per <strong>dinars i sopars corporatius<\/strong> , adaptada a cada tipus d&#8217;empresa i celebraci\u00f3. Disposem de <strong>5 instal\u00b7lacions diferents<\/strong> , ideals per organitzar des d&#8217;esdeveniments d&#8217;estiu fins a sopars de Nadal i trobades empresarials durant tot l&#8217;any.<\/p>\n<p>Els nostres espais acullen <strong>grups des de 30 fins a 230 persones<\/strong> , amb entorns vers\u00e0tils que s&#8217;ajusten al format del vostre esdeveniment. A m\u00e9s, comptem amb <strong>allotjament al mateix recinte<\/strong> , perqu\u00e8 l&#8217;experi\u00e8ncia sigui c\u00f2moda i sense presses.<\/p>\n<p>Per allargar la celebraci\u00f3, posem a disposici\u00f3 una <strong>sala de discoteca amb barra lliure<\/strong> , m\u00fasica, animaci\u00f3 i xous, creant un ambient perfecte per a la diversi\u00f3, la desconnexi\u00f3 i l&#8217;enfortiment de l&#8217;equip.<\/p>\n<p>Ens encarreguem que el vostre esdeveniment corporatiu sigui molt m\u00e9s que un dinar o un sopar: una experi\u00e8ncia completa i memorable.<\/p>\n<\/div>\t\t\t\t\t\t\t\t<\/div>\n\t\t\t\t<\/div>\n\t\t\t\t<\/div>\n\t\t<div class=\"elementor-element elementor-element-46e60c2 e-con-full e-flex e-con e-child\" data-id=\"46e60c2\" data-element_type=\"container\" data-e-type=\"container\" data-settings=\"{&quot;background_background&quot;:&quot;classic&quot;}\">\n\t\t\t\t<\/div>\n\t\t\t\t<\/div>\n\t\t\t\t\t<\/div>\n\t\t\t\t<\/div>\n\t\t<div class=\"elementor-element elementor-element-337ceba e-flex e-con-boxed e-con e-parent\" data-id=\"337ceba\" data-element_type=\"container\" data-e-type=\"container\" data-settings=\"{&quot;background_background&quot;:&quot;classic&quot;}\">\n\t\t\t\t\t<div class=\"e-con-inner\">\n\t\t\t\t<div class=\"elementor-element elementor-element-e6aa55c elementor-widget elementor-widget-heading\" data-id=\"e6aa55c\" data-element_type=\"widget\" data-e-type=\"widget\" data-widget_type=\"heading.default\">\n\t\t\t\t<div class=\"elementor-widget-container\">\n\t\t\t\t\t<h2 class=\"elementor-heading-title elementor-size-default\">Qu\u00e8 us oferim?<\/h2>\t\t\t\t<\/div>\n\t\t\t\t<\/div>\n\t\t<div class=\"elementor-element elementor-element-d53247c e-con-full e-flex e-con e-child\" data-id=\"d53247c\" data-element_type=\"container\" data-e-type=\"container\">\n\t\t<div class=\"elementor-element elementor-element-730b2f4 e-con-full e-flex e-con e-child\" data-id=\"730b2f4\" data-element_type=\"container\" data-e-type=\"container\">\n\t\t\t\t<div class=\"elementor-element elementor-element-9d4d6bf elementor-icon-list--layout-traditional elementor-list-item-link-full_width elementor-widget elementor-widget-icon-list\" data-id=\"9d4d6bf\" data-element_type=\"widget\" data-e-type=\"widget\" data-widget_type=\"icon-list.default\">\n\t\t\t\t<div class=\"elementor-widget-container\">\n\t\t\t\t\t\t\t<ul class=\"elementor-icon-list-items\">\n\t\t\t\t\t\t\t<li class=\"elementor-icon-list-item\">\n\t\t\t\t\t\t\t\t\t\t\t<span class=\"elementor-icon-list-icon\">\n\t\t\t\t\t\t\t<i aria-hidden=\"true\" class=\"fas fa-check\"><\/i>\t\t\t\t\t\t<\/span>\n\t\t\t\t\t\t\t\t\t\t<span class=\"elementor-icon-list-text\">  5 instal\u00b7lacions exclusives per organitzar dinars i sopars d'empresa<\/span>\n\t\t\t\t\t\t\t\t\t<\/li>\n\t\t\t\t\t\t\t\t<li class=\"elementor-icon-list-item\">\n\t\t\t\t\t\t\t\t\t\t\t<span class=\"elementor-icon-list-icon\">\n\t\t\t\t\t\t\t<i aria-hidden=\"true\" class=\"fas fa-check\"><\/i>\t\t\t\t\t\t<\/span>\n\t\t\t\t\t\t\t\t\t\t<span class=\"elementor-icon-list-text\">Espais adaptables per a grups de 30 fins a 250 persones<\/span>\n\t\t\t\t\t\t\t\t\t<\/li>\n\t\t\t\t\t\t\t\t<li class=\"elementor-icon-list-item\">\n\t\t\t\t\t\t\t\t\t\t\t<span class=\"elementor-icon-list-icon\">\n\t\t\t\t\t\t\t<i aria-hidden=\"true\" class=\"fas fa-check\"><\/i>\t\t\t\t\t\t<\/span>\n\t\t\t\t\t\t\t\t\t\t<span class=\"elementor-icon-list-text\">Cafetera, sucs i galetes\/dol\u00e7os a disposici\u00f3 durant tota l'estada<\/span>\n\t\t\t\t\t\t\t\t\t<\/li>\n\t\t\t\t\t\t\t\t<li class=\"elementor-icon-list-item\">\n\t\t\t\t\t\t\t\t\t\t\t<span class=\"elementor-icon-list-icon\">\n\t\t\t\t\t\t\t<i aria-hidden=\"true\" class=\"fas fa-check\"><\/i>\t\t\t\t\t\t<\/span>\n\t\t\t\t\t\t\t\t\t\t<span class=\"elementor-icon-list-text\">Esdeveniments a mida per a celebracions d'estiu, sopars de Nadal i trobades corporatives<\/span>\n\t\t\t\t\t\t\t\t\t<\/li>\n\t\t\t\t\t\t<\/ul>\n\t\t\t\t\t\t<\/div>\n\t\t\t\t<\/div>\n\t\t\t\t<\/div>\n\t\t<div class=\"elementor-element elementor-element-c1ec0f4 e-con-full e-flex e-con e-child\" data-id=\"c1ec0f4\" data-element_type=\"container\" data-e-type=\"container\">\n\t\t\t\t<div class=\"elementor-element elementor-element-d3ab919 elementor-icon-list--layout-traditional elementor-list-item-link-full_width elementor-widget elementor-widget-icon-list\" data-id=\"d3ab919\" data-element_type=\"widget\" data-e-type=\"widget\" data-widget_type=\"icon-list.default\">\n\t\t\t\t<div class=\"elementor-widget-container\">\n\t\t\t\t\t\t\t<ul class=\"elementor-icon-list-items\">\n\t\t\t\t\t\t\t<li class=\"elementor-icon-list-item\">\n\t\t\t\t\t\t\t\t\t\t\t<span class=\"elementor-icon-list-icon\">\n\t\t\t\t\t\t\t<i aria-hidden=\"true\" class=\"fas fa-check\"><\/i>\t\t\t\t\t\t<\/span>\n\t\t\t\t\t\t\t\t\t\t<span class=\"elementor-icon-list-text\">Gastronomia cuidada, amb men\u00fas personalitzables i atenci\u00f3 a dietes i intoler\u00e0ncies<\/span>\n\t\t\t\t\t\t\t\t\t<\/li>\n\t\t\t\t\t\t\t\t<li class=\"elementor-icon-list-item\">\n\t\t\t\t\t\t\t\t\t\t\t<span class=\"elementor-icon-list-icon\">\n\t\t\t\t\t\t\t<i aria-hidden=\"true\" class=\"fas fa-check\"><\/i>\t\t\t\t\t\t<\/span>\n\t\t\t\t\t\t\t\t\t\t<span class=\"elementor-icon-list-text\">Allotjament al mateix recinte per a m\u00e9s comoditat<\/span>\n\t\t\t\t\t\t\t\t\t<\/li>\n\t\t\t\t\t\t\t\t<li class=\"elementor-icon-list-item\">\n\t\t\t\t\t\t\t\t\t\t\t<span class=\"elementor-icon-list-icon\">\n\t\t\t\t\t\t\t<i aria-hidden=\"true\" class=\"fas fa-check\"><\/i>\t\t\t\t\t\t<\/span>\n\t\t\t\t\t\t\t\t\t\t<span class=\"elementor-icon-list-text\">Roba de llit, tovalloles i WIFI<\/span>\n\t\t\t\t\t\t\t\t\t<\/li>\n\t\t\t\t\t\t\t\t<li class=\"elementor-icon-list-item\">\n\t\t\t\t\t\t\t\t\t\t\t<span class=\"elementor-icon-list-icon\">\n\t\t\t\t\t\t\t<i aria-hidden=\"true\" class=\"fas fa-check\"><\/i>\t\t\t\t\t\t<\/span>\n\t\t\t\t\t\t\t\t\t\t<span class=\"elementor-icon-list-text\">  Sala de discoteca equipada, amb barra lliure, m\u00fasica i animaci\u00f3<\/span>\n\t\t\t\t\t\t\t\t\t<\/li>\n\t\t\t\t\t\t<\/ul>\n\t\t\t\t\t\t<\/div>\n\t\t\t\t<\/div>\n\t\t\t\t<\/div>\n\t\t\t\t<\/div>\n\t\t\t\t\t<\/div>\n\t\t\t\t<\/div>\n\t\t<div class=\"elementor-element elementor-element-1147d9d e-flex e-con-boxed e-con e-parent\" data-id=\"1147d9d\" data-element_type=\"container\" data-e-type=\"container\">\n\t\t\t\t\t<div class=\"e-con-inner\">\n\t\t\t\t<div class=\"elementor-element elementor-element-9b50930 elementor-widget elementor-widget-template\" data-id=\"9b50930\" data-element_type=\"widget\" data-e-type=\"widget\" data-widget_type=\"template.default\">\n\t\t\t\t<div class=\"elementor-widget-container\">\n\t\t\t\t\t\t\t<div class=\"elementor-template\">\n\t\t\t\t\t<div data-elementor-type=\"container\" data-elementor-id=\"3090\" class=\"elementor elementor-3090 elementor-1371 elementor-1371\" data-elementor-post-type=\"elementor_library\">\n\t\t\t\t<div class=\"elementor-element elementor-element-6f08bc2 e-flex e-con-boxed e-con e-parent\" data-id=\"6f08bc2\" data-element_type=\"container\" data-e-type=\"container\">\n\t\t\t\t\t<div class=\"e-con-inner\">\n\t\t<div class=\"elementor-element elementor-element-f3efa0b e-con-full e-flex e-con e-child\" data-id=\"f3efa0b\" data-element_type=\"container\" data-e-type=\"container\">\n\t\t\t\t<div class=\"elementor-element elementor-element-4df3b5a elementor-widget elementor-widget-heading\" data-id=\"4df3b5a\" data-element_type=\"widget\" data-e-type=\"widget\" data-widget_type=\"heading.default\">\n\t\t\t\t<div class=\"elementor-widget-container\">\n\t\t\t\t\t<h3 class=\"elementor-heading-title elementor-size-default\">Parlem sobre el teu esdeveniment?<\/h3>\t\t\t\t<\/div>\n\t\t\t\t<\/div>\n\t\t\t\t<div class=\"elementor-element elementor-element-36a3d91 elementor-widget elementor-widget-heading\" data-id=\"36a3d91\" data-element_type=\"widget\" data-e-type=\"widget\" data-widget_type=\"heading.default\">\n\t\t\t\t<div class=\"elementor-widget-container\">\n\t\t\t\t\t<h3 class=\"elementor-heading-title elementor-size-default\">Explica'ns qu\u00e8 est\u00e0s buscant i t'ajudarem a trobar l'espai i els serveis que encaixin millor amb tu.<\/h3>\t\t\t\t<\/div>\n\t\t\t\t<\/div>\n\t\t\t\t<\/div>\n\t\t\t\t<div class=\"elementor-element elementor-element-c24334f elementor-widget elementor-widget-button\" data-id=\"c24334f\" data-element_type=\"widget\" data-e-type=\"widget\" data-widget_type=\"button.default\">\n\t\t\t\t<div class=\"elementor-widget-container\">\n\t\t\t\t\t\t\t\t\t<div class=\"elementor-button-wrapper\">\n\t\t\t\t\t<a class=\"elementor-button elementor-button-link elementor-size-sm\" href=\"https:\/\/www.es-eventos.com\/ca\/contacte\/\">\n\t\t\t\t\t\t<span class=\"elementor-button-content-wrapper\">\n\t\t\t\t\t\t\t\t\t<span class=\"elementor-button-text\">CONTACTA'NS<\/span>\n\t\t\t\t\t<\/span>\n\t\t\t\t\t<\/a>\n\t\t\t\t<\/div>\n\t\t\t\t\t\t\t\t<\/div>\n\t\t\t\t<\/div>\n\t\t\t\t\t<\/div>\n\t\t\t\t<\/div>\n\t\t\t\t<\/div>\n\t\t\t\t<\/div>\n\t\t\t\t\t\t<\/div>\n\t\t\t\t<\/div>\n\t\t\t\t\t<\/div>\n\t\t\t\t<\/div>\n\t\t\t\t<\/div>\n\t\t","protected":false},"excerpt":{"rendered":"<p>DINAR I SOPARS corporatius Dissenyem dinars i sopars corporatius pensats per a empreses que busquen tenir cura dels detalls: espais \u00fanics, envoltats de natura, una gastronomia de qualitat i un equip professional que s&#8217;encarrega de tot perqu\u00e8 el vostre esdeveniment sigui un \u00e8xit. Contacte Immersions en angl\u00e8s Campaments per a empreses Dinars i Sopars corporatius [&hellip;]<\/p>\n","protected":false},"author":8,"featured_media":3043,"parent":3346,"menu_order":0,"comment_status":"closed","ping_status":"closed","template":"","meta":{"_acf_changed":false,"inline_featured_image":false,"footnotes":""},"class_list":["post-3042","page","type-page","status-publish","has-post-thumbnail","hentry"],"acf":[],"yoast_head":"<!-- This site is optimized with the Yoast SEO plugin v27.6 - https:\/\/yoast.com\/product\/yoast-seo-wordpress\/ -->\n<title>\u25b7Dinars i Sopars - \u3010 ES Eventos \u3011<\/title>\n<meta name=\"description\" content=\"DINAR I SOPARS corporatius Dissenyem dinars i sopars corporatius pensats per a empreses que busquen tenir cura dels detalls: espais \u00fanics, envoltats de \u2713\" \/>\n<meta name=\"robots\" content=\"noindex, follow, max-snippet:-1, max-image-preview:large, max-video-preview:-1\" \/>\n<meta property=\"og:locale\" content=\"ca_ES\" \/>\n<meta property=\"og:type\" content=\"article\" \/>\n<meta property=\"og:title\" content=\"\u25b7Dinars i Sopars - \u3010 ES Eventos \u3011\" \/>\n<meta property=\"og:description\" content=\"DINAR I SOPARS corporatius Dissenyem dinars i sopars corporatius pensats per a empreses que busquen tenir cura dels detalls: espais \u00fanics, envoltats de \u2713\" \/>\n<meta property=\"og:url\" content=\"https:\/\/www.es-eventos.com\/ca\/esdeveniments-corporatius\/dinars-i-sopars\/\" \/>\n<meta property=\"og:site_name\" content=\"ES Eventos\" \/>\n<meta property=\"article:modified_time\" content=\"2026-04-24T08:48:06+00:00\" \/>\n<meta property=\"og:image\" content=\"https:\/\/www.es-eventos.com\/wp-content\/uploads\/2026\/02\/image-4.jpg\" \/>\n\t<meta property=\"og:image:width\" content=\"1248\" \/>\n\t<meta property=\"og:image:height\" content=\"832\" \/>\n\t<meta property=\"og:image:type\" content=\"image\/jpeg\" \/>\n<meta name=\"twitter:card\" content=\"summary_large_image\" \/>\n<meta name=\"twitter:label1\" content=\"Temps estimat de lectura\" \/>\n\t<meta name=\"twitter:data1\" content=\"1 minut\" \/>\n<!-- \/ Yoast SEO plugin. -->","yoast_head_json":{"title":"\u25b7Dinars i Sopars - \u3010 ES Eventos \u3011","description":"DINAR I SOPARS corporatius Dissenyem dinars i sopars corporatius pensats per a empreses que busquen tenir cura dels detalls: espais \u00fanics, envoltats de \u2713","robots":{"index":"noindex","follow":"follow","max-snippet":"max-snippet:-1","max-image-preview":"max-image-preview:large","max-video-preview":"max-video-preview:-1"},"og_locale":"ca_ES","og_type":"article","og_title":"\u25b7Dinars i Sopars - \u3010 ES Eventos \u3011","og_description":"DINAR I SOPARS corporatius Dissenyem dinars i sopars corporatius pensats per a empreses que busquen tenir cura dels detalls: espais \u00fanics, envoltats de \u2713","og_url":"https:\/\/www.es-eventos.com\/ca\/esdeveniments-corporatius\/dinars-i-sopars\/","og_site_name":"ES Eventos","article_modified_time":"2026-04-24T08:48:06+00:00","og_image":[{"width":1248,"height":832,"url":"https:\/\/www.es-eventos.com\/wp-content\/uploads\/2026\/02\/image-4.jpg","type":"image\/jpeg"}],"twitter_card":"summary_large_image","twitter_misc":{"Temps estimat de lectura":"1 minut"},"schema":{"@context":"https:\/\/schema.org","@graph":[{"@type":"WebPage","@id":"https:\/\/www.es-eventos.com\/ca\/esdeveniments-corporatius\/dinars-i-sopars\/","url":"https:\/\/www.es-eventos.com\/ca\/esdeveniments-corporatius\/dinars-i-sopars\/","name":"\u25b7Dinars i Sopars - \u3010 ES Eventos \u3011","isPartOf":{"@id":"https:\/\/www.es-eventos.com\/#website"},"primaryImageOfPage":{"@id":"https:\/\/www.es-eventos.com\/ca\/esdeveniments-corporatius\/dinars-i-sopars\/#primaryimage"},"image":{"@id":"https:\/\/www.es-eventos.com\/ca\/esdeveniments-corporatius\/dinars-i-sopars\/#primaryimage"},"thumbnailUrl":"https:\/\/www.es-eventos.com\/wp-content\/uploads\/2026\/02\/image-4.jpg","datePublished":"2026-04-07T13:40:30+00:00","dateModified":"2026-04-24T08:48:06+00:00","description":"DINAR I SOPARS corporatius Dissenyem dinars i sopars corporatius pensats per a empreses que busquen tenir cura dels detalls: espais \u00fanics, envoltats de \u2713","breadcrumb":{"@id":"https:\/\/www.es-eventos.com\/ca\/esdeveniments-corporatius\/dinars-i-sopars\/#breadcrumb"},"inLanguage":"ca","potentialAction":[{"@type":"ReadAction","target":["https:\/\/www.es-eventos.com\/ca\/esdeveniments-corporatius\/dinars-i-sopars\/"]}]},{"@type":"ImageObject","inLanguage":"ca","@id":"https:\/\/www.es-eventos.com\/ca\/esdeveniments-corporatius\/dinars-i-sopars\/#primaryimage","url":"https:\/\/www.es-eventos.com\/wp-content\/uploads\/2026\/02\/image-4.jpg","contentUrl":"https:\/\/www.es-eventos.com\/wp-content\/uploads\/2026\/02\/image-4.jpg","width":1248,"height":832,"caption":"OSCARS PARTY"},{"@type":"BreadcrumbList","@id":"https:\/\/www.es-eventos.com\/ca\/esdeveniments-corporatius\/dinars-i-sopars\/#breadcrumb","itemListElement":[{"@type":"ListItem","position":1,"name":"Portada","item":"https:\/\/www.es-eventos.com\/ca\/inici\/"},{"@type":"ListItem","position":2,"name":"Esdeveniments Corporatius","item":"https:\/\/www.es-eventos.com\/ca\/esdeveniments-corporatius\/"},{"@type":"ListItem","position":3,"name":"Dinars i Sopars"}]},{"@type":"WebSite","@id":"https:\/\/www.es-eventos.com\/#website","url":"https:\/\/www.es-eventos.com\/","name":"ES Eventos","description":"Espacios \u00fanicos para momentos inolvidables","publisher":{"@id":"https:\/\/www.es-eventos.com\/#organization"},"potentialAction":[{"@type":"SearchAction","target":{"@type":"EntryPoint","urlTemplate":"https:\/\/www.es-eventos.com\/?s={search_term_string}"},"query-input":{"@type":"PropertyValueSpecification","valueRequired":true,"valueName":"search_term_string"}}],"inLanguage":"ca"},{"@type":"Organization","@id":"https:\/\/www.es-eventos.com\/#organization","name":"ES Eventos","url":"https:\/\/www.es-eventos.com\/","logo":{"@type":"ImageObject","inLanguage":"ca","@id":"https:\/\/www.es-eventos.com\/#\/schema\/logo\/image\/","url":"https:\/\/www.es-eventos.com\/wp-content\/uploads\/2021\/10\/logo_eseventos_black.png","contentUrl":"https:\/\/www.es-eventos.com\/wp-content\/uploads\/2021\/10\/logo_eseventos_black.png","width":2560,"height":655,"caption":"ES Eventos"},"image":{"@id":"https:\/\/www.es-eventos.com\/#\/schema\/logo\/image\/"}}]}},"_links":{"self":[{"href":"https:\/\/www.es-eventos.com\/ca\/wp-json\/wp\/v2\/pages\/3042","targetHints":{"allow":["GET"]}}],"collection":[{"href":"https:\/\/www.es-eventos.com\/ca\/wp-json\/wp\/v2\/pages"}],"about":[{"href":"https:\/\/www.es-eventos.com\/ca\/wp-json\/wp\/v2\/types\/page"}],"author":[{"embeddable":true,"href":"https:\/\/www.es-eventos.com\/ca\/wp-json\/wp\/v2\/users\/8"}],"replies":[{"embeddable":true,"href":"https:\/\/www.es-eventos.com\/ca\/wp-json\/wp\/v2\/comments?post=3042"}],"version-history":[{"count":1,"href":"https:\/\/www.es-eventos.com\/ca\/wp-json\/wp\/v2\/pages\/3042\/revisions"}],"predecessor-version":[{"id":3046,"href":"https:\/\/www.es-eventos.com\/ca\/wp-json\/wp\/v2\/pages\/3042\/revisions\/3046"}],"up":[{"embeddable":true,"href":"https:\/\/www.es-eventos.com\/ca\/wp-json\/wp\/v2\/pages\/3346"}],"wp:featuredmedia":[{"embeddable":true,"href":"https:\/\/www.es-eventos.com\/ca\/wp-json\/wp\/v2\/media\/3043"}],"wp:attachment":[{"href":"https:\/\/www.es-eventos.com\/ca\/wp-json\/wp\/v2\/media?parent=3042"}],"curies":[{"name":"wp","href":"https:\/\/api.w.org\/{rel}","templated":true}]}}